{"id":8190,"date":"2020-06-22T00:54:05","date_gmt":"2020-06-22T00:54:05","guid":{"rendered":"http:\/\/www.franciscansusa.dev\/franciscansusa.org\/?page_id=8190"},"modified":"2021-03-01T00:05:24","modified_gmt":"2021-03-01T00:05:24","slug":"our-province","status":"publish","type":"page","link":"https:\/\/www.franciscansusa.org\/es\/our-province\/","title":{"rendered":"Nuestra Provincia"},"content":{"rendered":"<div class=\"wpb-content-wrapper\"><section class=\"l-section wpb_row height_medium\"><div class=\"l-section-h i-cf\"><div class=\"g-cols vc_row type_default valign_top\"><div class=\"vc_col-sm-12 wpb_column vc_column_container\"><div class=\"vc_column-inner\"><div class=\"wpb_wrapper\"><div class=\"wpb_text_column\" ><div class=\"wpb_wrapper\"><p>Los frailes franciscanos conventuales llegaron por primera vez a los Estados Unidos en 1852 para servir a los inmigrantes de habla alemana en Galveston, Texas. Desde all\u00ed, los frailes emigraron al Medio Oeste y regresaron a la costa este. Para 1872, el n\u00famero de frailes y la cantidad de actividad en los EE. UU. creci\u00f3 hasta el punto en que se estableci\u00f3 una Provincia, llamada as\u00ed por la Inmaculada Concepci\u00f3n y con sede en Nueva York. Con el tiempo, se formaron otras provincias en todo el pa\u00eds.<\/p>\n<p>En 1926 se form\u00f3 la Provincia de Nuestra Se\u00f1ora de la Consolaci\u00f3n para servir en el Medio Oeste. Tiene su centro en Mount St. Francis, ubicado en las colinas del sur de Indiana al otro lado del r\u00edo Ohio desde Louisville, Kentucky. Debido a que los frailes en Ohio hab\u00edan sido guardianes y ministros en el Santuario de Nuestra Se\u00f1ora de la Consolaci\u00f3n en Carey, Ohio desde 1912, se eligi\u00f3 el nombre de Nuestra Se\u00f1ora de la Consolaci\u00f3n para nuestra provincia.<\/p>\n<p>En 1947, la Provincia de Nuestra Se\u00f1ora de la Consolaci\u00f3n estableci\u00f3 su primera misi\u00f3n en la antigua colonia brit\u00e1nica de Rhodesia del Norte, que hoy es la naci\u00f3n de Zambia. En 1970 los frailes fueron a Honduras en Am\u00e9rica Central. M\u00e1s recientemente, los esfuerzos misioneros de la Provincia han alentado el crecimiento de la fe cat\u00f3lica en Uzbekist\u00e1n.<\/p>\n<p>El a\u00f1o 2010 marc\u00f3 el 150 aniversario de la presencia de los Frailes en Louisville y el sur de Indiana. En 2012 el Santuario de Nuestra Se\u00f1ora de la Consolaci\u00f3n celebr\u00f3 el centenario de la mayordom\u00eda de la Bas\u00edlica y el Santuario parroquial de los Frailes Conventuales.<\/p>\n<p>Hoy la Provincia tiene Frailes sirviendo en \u00e1reas desde el Medio Oeste superior hasta el desierto del Suroeste. Recibimos frailes de Am\u00e9rica Central, India, M\u00e9xico, Polonia, ya que siempre buscamos profundizar nuestra Hermandad Global.<\/p>\n<\/div><\/div><\/div><\/div><\/div><\/div><\/div><\/section>\n<\/div>","protected":false},"excerpt":{"rendered":"Los Frailes Franciscanos Conventuales llegaron por primera vez a los Estados Unidos en 1852 para servir a los inmigrantes de habla alemana en Galveston, Texas. Desde all\u00ed, los frailes emigraron al Medio Oeste y regresaron a la costa este. En 1872, el n\u00famero de frailes y la cantidad de actividad en los EE. UU. crecieron hasta el punto en que se estableci\u00f3 una Provincia, llamada...","protected":false},"author":1,"featured_media":0,"parent":0,"menu_order":0,"comment_status":"closed","ping_status":"closed","template":"","meta":{"om_disable_all_campaigns":false,"_monsterinsights_skip_tracking":false,"_monsterinsights_sitenote_active":false,"_monsterinsights_sitenote_note":"","_monsterinsights_sitenote_category":0,"_uf_show_specific_survey":0,"_uf_disable_surveys":false,"footnotes":""},"class_list":["post-8190","page","type-page","status-publish","hentry"],"aioseo_notices":[],"publishpress_future_action":{"enabled":false,"date":"2026-04-25 05:59:11","action":"change-status","newStatus":"draft","terms":[],"taxonomy":"","extraData":[]},"publishpress_future_workflow_manual_trigger":{"enabledWorkflows":[]},"_links":{"self":[{"href":"https:\/\/www.franciscansusa.org\/es\/wp-json\/wp\/v2\/pages\/8190","targetHints":{"allow":["GET"]}}],"collection":[{"href":"https:\/\/www.franciscansusa.org\/es\/wp-json\/wp\/v2\/pages"}],"about":[{"href":"https:\/\/www.franciscansusa.org\/es\/wp-json\/wp\/v2\/types\/page"}],"author":[{"embeddable":true,"href":"https:\/\/www.franciscansusa.org\/es\/wp-json\/wp\/v2\/users\/1"}],"replies":[{"embeddable":true,"href":"https:\/\/www.franciscansusa.org\/es\/wp-json\/wp\/v2\/comments?post=8190"}],"version-history":[{"count":5,"href":"https:\/\/www.franciscansusa.org\/es\/wp-json\/wp\/v2\/pages\/8190\/revisions"}],"predecessor-version":[{"id":11336,"href":"https:\/\/www.franciscansusa.org\/es\/wp-json\/wp\/v2\/pages\/8190\/revisions\/11336"}],"wp:attachment":[{"href":"https:\/\/www.franciscansusa.org\/es\/wp-json\/wp\/v2\/media?parent=8190"}],"curies":[{"name":"gracias","href":"https:\/\/api.w.org\/{rel}","templated":true}]}}