{"id":8266,"date":"2020-06-22T13:26:40","date_gmt":"2020-06-22T13:26:40","guid":{"rendered":"http:\/\/www.franciscansusa.dev\/franciscansusa.org\/?page_id=8266"},"modified":"2020-07-16T05:13:44","modified_gmt":"2020-07-16T05:13:44","slug":"oberammergau","status":"publish","type":"page","link":"https:\/\/www.franciscansusa.org\/es\/oberammergau\/","title":{"rendered":"Oberammergau"},"content":{"rendered":"<div class=\"wpb-content-wrapper\"><section class=\"l-section wpb_row height_huge with_img with_overlay\"><div class=\"l-section-img\" style=\"background-image: url(https:\/\/www.franciscansusa.org\/wp-content\/uploads\/2020\/06\/oberammergau-body-01.jpg);\" data-img-width=\"580\" data-img-height=\"251\"><\/div><div class=\"l-section-overlay\" style=\"background: rgba(0,0,0,0.6)\"><\/div><div class=\"l-section-h i-cf\"><div class=\"g-cols vc_row type_default valign_top\"><div class=\"vc_col-sm-12 wpb_column vc_column_container\"><div class=\"vc_column-inner\"><div class=\"wpb_wrapper\"><div class=\"wpb_text_column\" ><div class=\"wpb_wrapper\"><h2><span style=\"color: #ffffff;\"><strong>Oberammergau<\/strong><\/span><\/h2>\n<\/div><\/div><\/div><\/div><\/div><\/div><\/div><\/section><section class=\"l-section wpb_row height_medium\"><div class=\"l-section-h i-cf\"><div class=\"g-cols vc_row type_default valign_top\"><div class=\"vc_col-sm-12 wpb_column vc_column_container\"><div class=\"vc_column-inner\"><div class=\"wpb_wrapper\"><div class=\"wpb_text_column\" ><div class=\"wpb_wrapper\"><h2 style=\"text-align: center;\">No te pierdas esta oportunidad \u00fanica en la vida.<\/h2>\n<\/div><\/div><div class=\"w-separator size_medium\"><\/div><\/div><\/div><\/div><div class=\"vc_col-sm-6 wpb_column vc_column_container\"><div class=\"vc_column-inner\"><div class=\"wpb_wrapper\"><div class=\"wpb_text_column\" ><div class=\"wpb_wrapper\"><p>Los frailes franciscanos conventuales est\u00e1n patrocinando su primera peregrinaci\u00f3n a la representaci\u00f3n de la Pasi\u00f3n de 2020 en Oberammergau, Alemania, en agosto de 2020, \u00a1y esperamos que pueda unirse a nosotros! La obra de la Pasi\u00f3n se ofrece solo una vez cada 10 a\u00f1os. Es una magn\u00edfica experiencia \u00fanica en la vida. Habi\u00e9ndose librado de los estragos de la Peste Negra, los residentes de Oberammergau, Alemania, juraron que presentar\u00edan la vida de Cristo cada diez a\u00f1os. La primera presentaci\u00f3n se realiz\u00f3 en 1634. El a\u00f1o 2020 marca la 42.\u00aa vez que se produce la obra. La producci\u00f3n de siete horas incluye una comida servida durante el intermedio.<\/p>\n<\/div><\/div><div class=\"w-separator size_small\"><\/div><div class=\"w-image align_left\"><div class=\"w-image-h\"><img loading=\"lazy\" decoding=\"async\" width=\"400\" height=\"400\" src=\"https:\/\/www.franciscansusa.org\/wp-content\/uploads\/2020\/06\/oberammergau-passion-play-.jpg\" class=\"attachment-large size-large\" alt=\"\" srcset=\"https:\/\/www.franciscansusa.org\/wp-content\/uploads\/2020\/06\/oberammergau-passion-play-.jpg 400w, https:\/\/www.franciscansusa.org\/wp-content\/uploads\/2020\/06\/oberammergau-passion-play--12x12.jpg 12w, https:\/\/www.franciscansusa.org\/wp-content\/uploads\/2020\/06\/oberammergau-passion-play--150x150.jpg 150w, https:\/\/www.franciscansusa.org\/wp-content\/uploads\/2020\/06\/oberammergau-passion-play--25x25.jpg 25w, https:\/\/www.franciscansusa.org\/wp-content\/uploads\/2020\/06\/oberammergau-passion-play--300x300.jpg 300w\" sizes=\"auto, (max-width: 400px) 100vw, 400px\" \/><\/div><\/div><div class=\"wpb_text_column\" ><div class=\"wpb_wrapper\"><div class=\"text-container galileo-ap-content-editor\">\n<div>\n<div>\n<div class=\"text-container galileo-ap-content-editor\">\n<div>\n<div>Se ofrece solo una vez cada 10 a\u00f1os<\/div>\n<\/div>\n<\/div>\n<\/div>\n<\/div>\n<\/div>\n<\/div><\/div><div class=\"w-separator size_small\"><\/div><div class=\"wpb_text_column\" ><div class=\"wpb_wrapper\"><p>Padre Wayne, p. Andre Cirino y Josef Raischl ser\u00e1n nuestros gu\u00edas en esta peregrinaci\u00f3n. Adem\u00e1s de la representaci\u00f3n de la Pasi\u00f3n, nuestra peregrinaci\u00f3n incluir\u00e1 los siguientes lugares de Baviera: tiempo en Burghausen; visita al santuario de Marion m\u00e1s antiguo de Alemania, Altotting; oportunidad de honrar a San Konrad en Parzham y oraci\u00f3n en el Monasterio Carmelita adyacente al sitio conmemorativo de Dachau, el primer campo de concentraci\u00f3n nazi. All\u00ed rezaremos el Oficio de la Pasi\u00f3n de San Francisco.<\/p>\n<p>El viaje concluir\u00e1 con dos d\u00edas de reflexi\u00f3n dirigidos por el P. Wayne en Maria Eck (en la foto a la derecha). Junto a este peque\u00f1o santuario mariano hay un convento franciscano conventual y una casa de hu\u00e9spedes donde nos alojaremos.<\/p>\n<\/div><\/div><\/div><\/div><\/div><div class=\"vc_col-sm-6 wpb_column vc_column_container\"><div class=\"vc_column-inner\"><div class=\"wpb_wrapper\"><div class=\"w-image us_custom_aa05df82 align_center\"><div class=\"w-image-h\"><img loading=\"lazy\" decoding=\"async\" width=\"600\" height=\"469\" src=\"https:\/\/www.franciscansusa.org\/wp-content\/uploads\/2020\/06\/600px-Oberammergau_Bu\u0308hne_c1860.jpg\" class=\"attachment-large size-large\" alt=\"\" srcset=\"https:\/\/www.franciscansusa.org\/wp-content\/uploads\/2020\/06\/600px-Oberammergau_Bu\u0308hne_c1860.jpg 600w, https:\/\/www.franciscansusa.org\/wp-content\/uploads\/2020\/06\/600px-Oberammergau_Bu\u0308hne_c1860-15x12.jpg 15w, https:\/\/www.franciscansusa.org\/wp-content\/uploads\/2020\/06\/600px-Oberammergau_Bu\u0308hne_c1860-150x117.jpg 150w, https:\/\/www.franciscansusa.org\/wp-content\/uploads\/2020\/06\/600px-Oberammergau_Bu\u0308hne_c1860-512x400.jpg 512w, https:\/\/www.franciscansusa.org\/wp-content\/uploads\/2020\/06\/600px-Oberammergau_Bu\u0308hne_c1860-300x235.jpg 300w\" sizes=\"auto, (max-width: 600px) 100vw, 600px\" \/><\/div><\/div><div class=\"wpb_text_column\" ><div class=\"wpb_wrapper\"><div class=\"text-container galileo-ap-content-editor\">\n<div>\n<div>Ilustraci\u00f3n del peri\u00f3dico de producci\u00f3n de 1860<\/div>\n<\/div>\n<\/div>\n<\/div><\/div><div class=\"w-separator size_small\"><\/div><div class=\"w-image us_custom_aa05df82 align_center\"><div class=\"w-image-h\"><img loading=\"lazy\" decoding=\"async\" width=\"899\" height=\"612\" src=\"https:\/\/www.franciscansusa.org\/wp-content\/uploads\/2020\/06\/Maria.jpg\" class=\"attachment-large size-large\" alt=\"\" srcset=\"https:\/\/www.franciscansusa.org\/wp-content\/uploads\/2020\/06\/Maria.jpg 899w, https:\/\/www.franciscansusa.org\/wp-content\/uploads\/2020\/06\/Maria-18x12.jpg 18w, https:\/\/www.franciscansusa.org\/wp-content\/uploads\/2020\/06\/Maria-150x102.jpg 150w, https:\/\/www.franciscansusa.org\/wp-content\/uploads\/2020\/06\/Maria-588x400.jpg 588w, https:\/\/www.franciscansusa.org\/wp-content\/uploads\/2020\/06\/Maria-600x408.jpg 600w, https:\/\/www.franciscansusa.org\/wp-content\/uploads\/2020\/06\/Maria-300x204.jpg 300w\" sizes=\"auto, (max-width: 899px) 100vw, 899px\" \/><\/div><\/div><div class=\"wpb_text_column\" ><div class=\"wpb_wrapper\"><div class=\"text-container galileo-ap-content-editor\">\n<div>\n<div>\n<div class=\"text-container galileo-ap-content-editor\">\n<div>\n<div>\n<div class=\"text-container galileo-ap-content-editor\">\n<div>\n<div>Monasterio de los Frailes Menores Franciscanos Maria Eck<\/div>\n<\/div>\n<\/div>\n<\/div>\n<\/div>\n<\/div>\n<\/div>\n<\/div>\n<\/div>\n<\/div><\/div><div class=\"w-separator size_small\"><\/div><\/div><\/div><\/div><\/div><\/div><\/section><section class=\"l-section wpb_row height_medium\"><div class=\"l-section-h i-cf\"><div class=\"g-cols vc_row type_default valign_top\"><div class=\"vc_col-sm-6 wpb_column vc_column_container\"><div class=\"vc_column-inner\"><div class=\"wpb_wrapper\"><div class=\"wpb_text_column\" ><div class=\"wpb_wrapper\"><p>Mantendremos esto en un peque\u00f1o grupo de treinta y cinco (incluidos nuestros gu\u00edas), asegurando una experiencia m\u00e1s \u00edntima y personal. Estamos por orden de llegada, y solo nos quedan 10 lugares. Sugerimos reservar su lugar de inmediato ya que nos estamos acercando r\u00e1pidamente a la capacidad. Si tiene alguna pregunta, no dude en llamar a Becki Romans en la Oficina de Avance de la Misi\u00f3n, 812-923-5250 o env\u00ede un correo electr\u00f3nico a <a href=\"mailto:b.romans@franciscansusa.org\" target=\"_blank\" rel=\"noopener noreferrer\">haciendo clic aqu\u00ed<\/a>.<\/p>\n<\/div><\/div><\/div><\/div><\/div><div class=\"vc_col-sm-6 wpb_column vc_column_container\"><div class=\"vc_column-inner\"><div class=\"wpb_wrapper\"><div class=\"wpb_text_column\" ><div class=\"wpb_wrapper\"><h4>Nuestras Gu\u00edas<\/h4>\n<\/div><\/div><div class=\"w-separator size_small\"><\/div><div class=\"g-cols wpb_row  type_default valign_top vc_inner\"><div class=\"vc_col-sm-4 wpb_column vc_column_container\"><div class=\"vc_column-inner\"><div class=\"wpb_wrapper\"><div class=\"w-person layout_circle\" itemscope itemtype=\"https:\/\/schema.org\/Person\"><div class=\"w-person-image\"><img loading=\"lazy\" decoding=\"async\" width=\"2560\" height=\"2560\" src=\"https:\/\/www.franciscansusa.org\/wp-content\/uploads\/2020\/06\/father-wayne-hellmann-headshot-scaled.jpg\" class=\"attachment-full size-full\" alt=\"\" srcset=\"https:\/\/www.franciscansusa.org\/wp-content\/uploads\/2020\/06\/father-wayne-hellmann-headshot-scaled.jpg 2560w, https:\/\/www.franciscansusa.org\/wp-content\/uploads\/2020\/06\/father-wayne-hellmann-headshot-12x12.jpg 12w, https:\/\/www.franciscansusa.org\/wp-content\/uploads\/2020\/06\/father-wayne-hellmann-headshot-150x150.jpg 150w, https:\/\/www.franciscansusa.org\/wp-content\/uploads\/2020\/06\/father-wayne-hellmann-headshot-400x400.jpg 400w, https:\/\/www.franciscansusa.org\/wp-content\/uploads\/2020\/06\/father-wayne-hellmann-headshot-600x600.jpg 600w, https:\/\/www.franciscansusa.org\/wp-content\/uploads\/2020\/06\/father-wayne-hellmann-headshot-25x25.jpg 25w, https:\/\/www.franciscansusa.org\/wp-content\/uploads\/2020\/06\/father-wayne-hellmann-headshot-300x300.jpg 300w, https:\/\/www.franciscansusa.org\/wp-content\/uploads\/2020\/06\/father-wayne-hellmann-headshot-1024x1024.jpg 1024w\" sizes=\"auto, (max-width: 2560px) 100vw, 2560px\" \/><\/div><div class=\"w-person-content\"><h4 class=\"w-person-name\" itemprop=\"name\"><span>Padre Wayne Hellman<\/span><\/h4><div class=\"w-person-role\" itemprop=\"jobTitle\">Ministro Provincial<\/div><\/div><\/div><\/div><\/div><\/div><div class=\"vc_col-sm-4 wpb_column vc_column_container\"><div class=\"vc_column-inner\"><div class=\"wpb_wrapper\"><div class=\"w-person layout_circle\" itemscope itemtype=\"https:\/\/schema.org\/Person\"><div class=\"w-person-image\"><img loading=\"lazy\" decoding=\"async\" width=\"200\" height=\"200\" src=\"https:\/\/www.franciscansusa.org\/wp-content\/uploads\/2020\/07\/fr-andre.jpg\" class=\"attachment-full size-full\" alt=\"\" srcset=\"https:\/\/www.franciscansusa.org\/wp-content\/uploads\/2020\/07\/fr-andre.jpg 200w, https:\/\/www.franciscansusa.org\/wp-content\/uploads\/2020\/07\/fr-andre-12x12.jpg 12w, https:\/\/www.franciscansusa.org\/wp-content\/uploads\/2020\/07\/fr-andre-150x150.jpg 150w, https:\/\/www.franciscansusa.org\/wp-content\/uploads\/2020\/07\/fr-andre-25x25.jpg 25w\" sizes=\"auto, (max-width: 200px) 100vw, 200px\" \/><\/div><div class=\"w-person-content\"><h4 class=\"w-person-name\" itemprop=\"name\"><span>Padre Andr\u00e9 Cirino<\/span><\/h4><\/div><\/div><\/div><\/div><\/div><div class=\"vc_col-sm-4 wpb_column vc_column_container\"><div class=\"vc_column-inner\"><div class=\"wpb_wrapper\"><div class=\"w-person layout_circle\" itemscope itemtype=\"https:\/\/schema.org\/Person\"><div class=\"w-person-image\"><img decoding=\"async\" class=\"g-placeholder\" src=\"https:\/\/www.franciscansusa.org\/wp-content\/plugins\/us-core\/assets\/images\/placeholder.svg\" width=\"\" height=\"\" alt=\"\"><\/div><div class=\"w-person-content\"><h4 class=\"w-person-name\" itemprop=\"name\"><span>Josef Raischi<\/span><\/h4><\/div><\/div><\/div><\/div><\/div><\/div><\/div><\/div><\/div><\/div><\/div><\/section><section class=\"l-section wpb_row height_medium\"><div class=\"l-section-h i-cf\"><div class=\"g-cols vc_row type_default valign_top\"><div class=\"vc_col-sm-4 wpb_column vc_column_container\"><div class=\"vc_column-inner\"><div class=\"wpb_wrapper\"><div class=\"w-image align_center\"><a href=\"https:\/\/www.franciscansusa.org\/wp-content\/uploads\/2020\/06\/ober-1.jpg\" ref=\"magnificPopup\" aria-label=\"Rodear a\" class=\"w-image-h\"><img loading=\"lazy\" decoding=\"async\" width=\"297\" height=\"297\" src=\"https:\/\/www.franciscansusa.org\/wp-content\/uploads\/2020\/06\/ober-1.jpg\" class=\"attachment-us_600_600_crop size-us_600_600_crop\" alt=\"\" srcset=\"https:\/\/www.franciscansusa.org\/wp-content\/uploads\/2020\/06\/ober-1.jpg 297w, https:\/\/www.franciscansusa.org\/wp-content\/uploads\/2020\/06\/ober-1-12x12.jpg 12w, https:\/\/www.franciscansusa.org\/wp-content\/uploads\/2020\/06\/ober-1-150x150.jpg 150w, https:\/\/www.franciscansusa.org\/wp-content\/uploads\/2020\/06\/ober-1-25x25.jpg 25w\" sizes=\"auto, (max-width: 297px) 100vw, 297px\" \/><\/a><\/div><\/div><\/div><\/div><div class=\"vc_col-sm-4 wpb_column vc_column_container\"><div class=\"vc_column-inner\"><div class=\"wpb_wrapper\"><div class=\"w-image align_center\"><a href=\"https:\/\/www.franciscansusa.org\/wp-content\/uploads\/2020\/06\/ober2.jpg\" ref=\"magnificPopup\" aria-label=\"Rodear a\" class=\"w-image-h\"><img loading=\"lazy\" decoding=\"async\" width=\"432\" height=\"432\" src=\"https:\/\/www.franciscansusa.org\/wp-content\/uploads\/2020\/06\/ober2.jpg\" class=\"attachment-us_600_600_crop size-us_600_600_crop\" alt=\"\" srcset=\"https:\/\/www.franciscansusa.org\/wp-content\/uploads\/2020\/06\/ober2.jpg 432w, https:\/\/www.franciscansusa.org\/wp-content\/uploads\/2020\/06\/ober2-12x12.jpg 12w, https:\/\/www.franciscansusa.org\/wp-content\/uploads\/2020\/06\/ober2-150x150.jpg 150w, https:\/\/www.franciscansusa.org\/wp-content\/uploads\/2020\/06\/ober2-400x400.jpg 400w, https:\/\/www.franciscansusa.org\/wp-content\/uploads\/2020\/06\/ober2-25x25.jpg 25w, https:\/\/www.franciscansusa.org\/wp-content\/uploads\/2020\/06\/ober2-300x300.jpg 300w\" sizes=\"auto, (max-width: 432px) 100vw, 432px\" \/><\/a><\/div><\/div><\/div><\/div><div class=\"vc_col-sm-4 wpb_column vc_column_container\"><div class=\"vc_column-inner\"><div class=\"wpb_wrapper\"><div class=\"w-image align_center\"><a href=\"https:\/\/www.franciscansusa.org\/wp-content\/uploads\/2020\/06\/ober3.jpg\" ref=\"magnificPopup\" aria-label=\"Rodear a\" class=\"w-image-h\"><img loading=\"lazy\" decoding=\"async\" width=\"500\" height=\"500\" src=\"https:\/\/www.franciscansusa.org\/wp-content\/uploads\/2020\/06\/ober3.jpg\" class=\"attachment-us_600_600_crop size-us_600_600_crop\" alt=\"\" srcset=\"https:\/\/www.franciscansusa.org\/wp-content\/uploads\/2020\/06\/ober3.jpg 500w, https:\/\/www.franciscansusa.org\/wp-content\/uploads\/2020\/06\/ober3-12x12.jpg 12w, https:\/\/www.franciscansusa.org\/wp-content\/uploads\/2020\/06\/ober3-150x150.jpg 150w, https:\/\/www.franciscansusa.org\/wp-content\/uploads\/2020\/06\/ober3-400x400.jpg 400w, https:\/\/www.franciscansusa.org\/wp-content\/uploads\/2020\/06\/ober3-25x25.jpg 25w, https:\/\/www.franciscansusa.org\/wp-content\/uploads\/2020\/06\/ober3-300x300.jpg 300w\" sizes=\"auto, (max-width: 500px) 100vw, 500px\" \/><\/a><\/div><\/div><\/div><\/div><\/div><\/div><\/section>\n<\/div>","protected":false},"excerpt":{"rendered":"Oberammergau. No se pierda esta oportunidad \u00fanica. Los Frailes Franciscanos Conventuales patrocinan su primera peregrinaci\u00f3n a la Pasi\u00f3n de Cristo de 2020 en Oberammergau, Alemania, en agosto de 2020, \u00a1y esperamos que pueda acompa\u00f1arnos! La Pasi\u00f3n de Cristo se presenta solo cada 10 a\u00f1os. Es una magn\u00edfica experiencia \u00fanica...","protected":false},"author":1,"featured_media":0,"parent":0,"menu_order":0,"comment_status":"closed","ping_status":"closed","template":"","meta":{"om_disable_all_campaigns":false,"_monsterinsights_skip_tracking":false,"_monsterinsights_sitenote_active":false,"_monsterinsights_sitenote_note":"","_monsterinsights_sitenote_category":0,"_uf_show_specific_survey":0,"_uf_disable_surveys":false,"footnotes":""},"class_list":["post-8266","page","type-page","status-publish","hentry"],"aioseo_notices":[],"publishpress_future_action":{"enabled":false,"date":"2026-04-21 20:33:31","action":"change-status","newStatus":"draft","terms":[],"taxonomy":"","extraData":[]},"publishpress_future_workflow_manual_trigger":{"enabledWorkflows":[]},"_links":{"self":[{"href":"https:\/\/www.franciscansusa.org\/es\/wp-json\/wp\/v2\/pages\/8266","targetHints":{"allow":["GET"]}}],"collection":[{"href":"https:\/\/www.franciscansusa.org\/es\/wp-json\/wp\/v2\/pages"}],"about":[{"href":"https:\/\/www.franciscansusa.org\/es\/wp-json\/wp\/v2\/types\/page"}],"author":[{"embeddable":true,"href":"https:\/\/www.franciscansusa.org\/es\/wp-json\/wp\/v2\/users\/1"}],"replies":[{"embeddable":true,"href":"https:\/\/www.franciscansusa.org\/es\/wp-json\/wp\/v2\/comments?post=8266"}],"version-history":[{"count":13,"href":"https:\/\/www.franciscansusa.org\/es\/wp-json\/wp\/v2\/pages\/8266\/revisions"}],"predecessor-version":[{"id":8606,"href":"https:\/\/www.franciscansusa.org\/es\/wp-json\/wp\/v2\/pages\/8266\/revisions\/8606"}],"wp:attachment":[{"href":"https:\/\/www.franciscansusa.org\/es\/wp-json\/wp\/v2\/media?parent=8266"}],"curies":[{"name":"gracias","href":"https:\/\/api.w.org\/{rel}","templated":true}]}}