{"id":8308,"date":"2020-06-25T02:58:10","date_gmt":"2020-06-25T02:58:10","guid":{"rendered":"http:\/\/www.franciscansusa.dev\/franciscansusa.org\/?page_id=8308"},"modified":"2021-04-05T18:33:10","modified_gmt":"2021-04-05T18:33:10","slug":"parish-ministry","status":"publish","type":"page","link":"https:\/\/www.franciscansusa.org\/es\/parish-ministry\/","title":{"rendered":"ministerio parroquial"},"content":{"rendered":"<div class=\"wpb-content-wrapper\"><section class=\"l-section wpb_row height_huge with_img with_overlay\"><div class=\"l-section-img\" style=\"background-image: url(https:\/\/www.franciscansusa.org\/wp-content\/uploads\/2021\/04\/holy-family-2021-holy-thursday-father-george-011.jpg);\" data-img-width=\"1000\" data-img-height=\"667\"><\/div><div class=\"l-section-overlay\" style=\"background: rgba(0,0,0,0.6)\"><\/div><div class=\"l-section-h i-cf\"><div class=\"g-cols vc_row type_default valign_top\"><div class=\"vc_col-sm-12 wpb_column vc_column_container\"><div class=\"vc_column-inner\"><div class=\"wpb_wrapper\"><div class=\"wpb_text_column\" ><div class=\"wpb_wrapper\"><h2><span style=\"color: #ffffff;\"><strong>ministerio parroquial<\/strong><\/span><\/h2>\n<\/div><\/div><\/div><\/div><\/div><\/div><\/div><\/section><section class=\"l-section wpb_row height_medium\"><div class=\"l-section-h i-cf\"><div class=\"g-cols vc_row type_default valign_top\"><div class=\"vc_col-sm-6 wpb_column vc_column_container\"><div class=\"vc_column-inner\"><div class=\"wpb_wrapper\"><div class=\"wpb_text_column\" ><div class=\"wpb_wrapper\"><p>Un ministerio importante y tradicional de los franciscanos conventuales es el servicio en las parroquias de todo el mundo.<\/p>\n<p>Aunque todav\u00eda somos frailes y seguimos siendo miembros de nuestras provincias, realizamos las mismas funciones que los sacerdotes diocesanos: celebrar la Misa, escuchar confesiones, bautizar a los nuevos miembros de la Iglesia y participar en funciones que van desde las reuniones del consejo parroquial hasta las reuniones sociales.<\/p>\n<p>Los miembros de la Provincia de Nuestra Se\u00f1ora de la Consolaci\u00f3n contin\u00faan este trabajo en las di\u00f3cesis de los Estados Unidos y en nuestras misiones. Te invitamos a visitarnos. En esta p\u00e1gina encontrar\u00e1 una lista de las parroquias que atendemos aqu\u00ed en los EE. UU. \u00danase a nosotros para la celebraci\u00f3n de la Eucarist\u00eda o participe en uno de nuestros programas parroquiales.<\/p>\n<\/div><\/div><\/div><\/div><\/div><div class=\"vc_col-sm-6 wpb_column vc_column_container\"><div class=\"vc_column-inner\"><div class=\"wpb_wrapper\"><div class=\"w-popup align_left\"><a class=\"w-popup-trigger type_image\" aria-label=\"Surgir\" href=\"javascript:void(0)\"><img loading=\"lazy\" decoding=\"async\" width=\"1024\" height=\"738\" src=\"https:\/\/www.franciscansusa.org\/wp-content\/uploads\/2020\/07\/interactive-map-1024x738.png\" class=\"attachment-large size-large\" alt=\"\" srcset=\"https:\/\/www.franciscansusa.org\/wp-content\/uploads\/2020\/07\/interactive-map-1024x738.png 1024w, https:\/\/www.franciscansusa.org\/wp-content\/uploads\/2020\/07\/interactive-map-18x12.png 18w, https:\/\/www.franciscansusa.org\/wp-content\/uploads\/2020\/07\/interactive-map-150x108.png 150w, https:\/\/www.franciscansusa.org\/wp-content\/uploads\/2020\/07\/interactive-map-555x400.png 555w, https:\/\/www.franciscansusa.org\/wp-content\/uploads\/2020\/07\/interactive-map-600x432.png 600w, https:\/\/www.franciscansusa.org\/wp-content\/uploads\/2020\/07\/interactive-map-300x216.png 300w, https:\/\/www.franciscansusa.org\/wp-content\/uploads\/2020\/07\/interactive-map.png 1059w\" sizes=\"auto, (max-width: 1024px) 100vw, 1024px\" \/><\/a><div class=\"w-popup-overlay\" style=\"background:rgba(0,0,0,0.85);\"><\/div><div class=\"w-popup-wrap\"><div class=\"w-popup-box animation_fadeIn without_title\" style=\"width:600px;\"><div class=\"w-popup-box-h\"><div class=\"w-popup-box-content\" style=\"padding:5%;background:var(--color-content-bg);color:var(--color-content-text);\"><div class=\"wpgmp_map_container wpgmp-map-2\" rel=\"map2\" data-plugin-version=\"5.8.6\"><div class=\"wpgmp_map_parent\"><div class=\"wpgmp_map\" style=\"width:100%; height:400px;\" id=\"map2\" data-map-id=\"2\"><\/div><\/div><\/div><script>jQuery(document).ready(function($){ window.wpgmp = window.wpgmp || {}; window.wpgmp.mapdata2 = \"eyJhdXRvc29ydCI6dHJ1ZSwibWFwX29wdGlvbnMiOnsiY2VudGVyX2xhdCI6IjM4LjI5MzAyODUiLCJjZW50ZXJfbG5nIjoiLTg1Ljc1OTk4NzciLCJ6b29tIjo1LCJtYXBfdHlwZV9pZCI6IlJPQURNQVAiLCJjZW50ZXJfYnlfbmVhcmVzdCI6ZmFsc2UsImZpdF9ib3VuZHMiOmZhbHNlLCJjZW50ZXJfY2lyY2xlX2ZpbGxjb2xvciI6IiM4Q0FFRjIiLCJjZW50ZXJfY2lyY2xlX3N0cm9rZWNvbG9yIjoiIzhDQUVGMiIsInNob3dfY2VudGVyX2NpcmNsZSI6ZmFsc2UsInNob3dfY2VudGVyX21hcmtlciI6ZmFsc2UsImNlbnRlcl9tYXJrZXJfaWNvbiI6Imh0dHBzOlwvXC93d3cuZnJhbmNpc2NhbnN1c2Eub3JnXC93cC1jb250ZW50XC9wbHVnaW5zXC93cC1nb29nbGUtbWFwLWdvbGRcL2Fzc2V0c1wvaW1hZ2VzXC9cL2RlZmF1bHRfbWFya2VyLnBuZyIsImRyYWdnYWJsZSI6dHJ1ZSwic2Nyb2xsX3doZWVsIjoiZmFsc2UiLCJnZXN0dXJlIjoiYXV0byIsIm1hcmtlcl9kZWZhdWx0X2ljb24iOiJodHRwczpcL1wvd3d3LmZyYW5jaXNjYW5zdXNhLm9yZ1wvd3AtY29udGVudFwvcGx1Z2luc1wvd3AtZ29vZ2xlLW1hcC1nb2xkXC9hc3NldHNcL2ltYWdlc1wvXC9kZWZhdWx0X21hcmtlci5wbmciLCJpbmZvd2luZG93X3NldHRpbmciOiI8ZGl2IGNsYXNzPVwiZmMtbWFpblwiPjxkaXYgY2xhc3M9XCJmYy1pdGVtLXRpdGxlXCI+e21hcmtlcl90aXRsZX0gPHNwYW4gY2xhc3M9XCJmYy1iYWRnZSBpbmZvXCI+e21hcmtlcl9jYXRlZ29yeX08XC9zcGFuPjxcL2Rpdj4gPGRpdiBjbGFzcz1cImZjLWl0ZW0tZmVhdHVyZWRfaW1hZ2VcIj57bWFya2VyX2ltYWdlfSA8XC9kaXY+e21hcmtlcl9tZXNzYWdlfTxhZGRyZXNzPjxiPkFkZHJlc3MgOiA8XC9iPnttYXJrZXJfYWRkcmVzc308XC9hZGRyZXNzPjxcL2Rpdj4iLCJpbmZvd2luZG93X2dlb3RhZ3Nfc2V0dGluZyI6IjxkaXYgY2xhc3M9XCJcXFwiZmMtbWFpblxcXCJcIj48ZGl2IGNsYXNzPVwiXFxcImZjLWl0ZW0tdGl0bGVcXFwiXCI+e3Bvc3RfdGl0bGV9IDxzcGFuIGNsYXNzPVwiXFxcImZjLWJhZGdlXCIgaW5mb1xcXCI9XCJcIj57cG9zdF9jYXRlZ29yaWVzfTxcL3NwYW4+PFwvZGl2PiA8ZGl2IGNsYXNzPVwiXFxcImZjLWl0ZW0tZmVhdHVyZWRfaW1hZ2VcXFwiXCI+e3Bvc3RfZmVhdHVyZWRfaW1hZ2V9IDxcL2Rpdj57cG9zdF9leGNlcnB0fTxhZGRyZXNzPjxiPkFkZHJlc3MgOiA8XC9iPnttYXJrZXJfYWRkcmVzc308XC9hZGRyZXNzPjxhIHRhcmdldD1cIlxcXCJfYmxhbmtcXFwiXCIgY2xhc3M9XCJcXFwiZmMtYnRuXCIgZmMtYnRuLXNtYWxsPVwiXCIgZmMtYnRuLXJlZFxcXCI9XCJcIiBocmVmPVwiXFxcIntwb3N0X2xpbmt9XFxcIlwiPlJlYWQgTW9yZS4uLjxcL2E+PFwvZGl2PiIsImluZm93aW5kb3dfc2tpbiI6eyJuYW1lIjoiZGVmYXVsdCIsInR5cGUiOiJpbmZvd2luZG93Iiwic291cmNlY29kZSI6IjxkaXYgY2xhc3M9XFxcImZjLW1haW5cXFwiPjxkaXYgY2xhc3M9XFxcImZjLWl0ZW0tdGl0bGVcXFwiPnttYXJrZXJfdGl0bGV9IDxzcGFuIGNsYXNzPVxcXCJmYy1iYWRnZSBpbmZvXFxcIj57bWFya2VyX2NhdGVnb3J5fTxcL3NwYW4+PFwvZGl2PiA8ZGl2IGNsYXNzPVxcXCJmYy1pdGVtLWZlYXR1cmVkX2ltYWdlXFxcIj57bWFya2VyX2ltYWdlfSA8XC9kaXY+e21hcmtlcl9tZXNzYWdlfTxhZGRyZXNzPjxiPkFkZHJlc3MgOiA8XC9iPnttYXJrZXJfYWRkcmVzc308XC9hZGRyZXNzPjxcL2Rpdj4ifSwiaW5mb3dpbmRvd19wb3N0X3NraW4iOnsibmFtZSI6ImRlZmF1bHQiLCJ0eXBlIjoicG9zdCIsInNvdXJjZWNvZGUiOiI8ZGl2IGNsYXNzPVwiXFwmcXVvdDtmYy1tYWluXFwmcXVvdDtcIj48ZGl2IGNsYXNzPVwiXFwmcXVvdDtmYy1pdGVtLXRpdGxlXFwmcXVvdDtcIj57cG9zdF90aXRsZX0gPHNwYW4gY2xhc3M9XCJcXCZxdW90O2ZjLWJhZGdlXCIgaW5mb1xcXCI9XCJcIj57cG9zdF9jYXRlZ29yaWVzfTxcL3NwYW4+PFwvZGl2PiA8ZGl2IGNsYXNzPVwiXFwmcXVvdDtmYy1pdGVtLWZlYXR1cmVkX2ltYWdlXFwmcXVvdDtcIj57cG9zdF9mZWF0dXJlZF9pbWFnZX0gPFwvZGl2Pntwb3N0X2V4Y2VycHR9PGFkZHJlc3M+PGI+QWRkcmVzcyA6IDxcL2I+e21hcmtlcl9hZGRyZXNzfTxcL2FkZHJlc3M+PGEgdGFyZ2V0PVwiXFwmcXVvdDtfYmxhbmtcXCZxdW90O1wiIGNsYXNzPVwiXFwmcXVvdDtmYy1idG5cIiBmYy1idG4tc21hbGw9XCJcIiBmYy1idG4tcmVkXFxcIj1cIlwiIGhyZWY9XCJcXCZxdW90O3twb3N0X2xpbmt9XFwmcXVvdDtcIj5SZWFkIE1vcmUuLi48XC9hPjxcL2Rpdj4ifSwiaW5mb3dpbmRvd19kcm9wX2FuaW1hdGlvbiI6ZmFsc2UsImNsb3NlX2luZm93aW5kb3dfb25fbWFwX2NsaWNrIjpmYWxzZSwiZGVmYXVsdF9pbmZvd2luZG93X29wZW4iOmZhbHNlLCJpbmZvd2luZG93X29wZW5fZXZlbnQiOiJjbGljayIsImxpc3RpbmdfaW5mb3dpbmRvd19vcGVuX2V2ZW50IjoiY2xpY2siLCJpc19tb2JpbGUiOmZhbHNlLCJpbmZvd2luZG93X2ZpbHRlcl9vbmx5IjpmYWxzZSwiaW5mb3dpbmRvd19jbGlja19jaGFuZ2Vfem9vbSI6MCwiaW5mb3dpbmRvd19jbGlja19jaGFuZ2VfY2VudGVyIjpmYWxzZSwiZnVsbF9zY3JlZW5fY29udHJvbCI6dHJ1ZSwiY2FtZXJhX2NvbnRyb2wiOmZhbHNlLCJzZWFyY2hfY29udHJvbCI6dHJ1ZSwiem9vbV9jb250cm9sIjp0cnVlLCJtYXBfdHlwZV9jb250cm9sIjp0cnVlLCJzdHJlZXRfdmlld19jb250cm9sIjp0cnVlLCJsb2NhdGVtZV9jb250cm9sIjpmYWxzZSwibW9iaWxlX3NwZWNpZmljIjpmYWxzZSwiem9vbV9tb2JpbGUiOjUsImRyYWdnYWJsZV9tb2JpbGUiOnRydWUsInNjcm9sbF93aGVlbF9tb2JpbGUiOnRydWUsImZ1bGxfc2NyZWVuX2NvbnRyb2xfcG9zaXRpb24iOiJUT1BfUklHSFQiLCJzZWFyY2hfY29udHJvbF9wb3NpdGlvbiI6IlRPUF9MRUZUIiwibG9jYXRlbWVfY29udHJvbF9wb3NpdGlvbiI6IlRPUF9MRUZUIiwiem9vbV9jb250cm9sX3Bvc2l0aW9uIjoiVE9QX0xFRlQiLCJtYXBfdHlwZV9jb250cm9sX3Bvc2l0aW9uIjoiVE9QX1JJR0hUIiwibWFwX3R5cGVfY29udHJvbF9zdHlsZSI6IkhPUklaT05UQUxfQkFSIiwic3RyZWV0X3ZpZXdfY29udHJvbF9wb3NpdGlvbiI6IlRPUF9MRUZUIiwibWFwX2NvbnRyb2wiOmZhbHNlLCJzY3JlZW5zIjp7InNtYXJ0cGhvbmVzIjp7Im1hcF96b29tX2xldmVsX21vYmlsZSI6IjUifSwiaXBhZHMiOnsibWFwX3pvb21fbGV2ZWxfbW9iaWxlIjoiNSJ9LCJsYXJnZS1zY3JlZW5zIjp7Im1hcF96b29tX2xldmVsX21vYmlsZSI6IjUifX0sIm1hcF9pbmZvd2luZG93X2N1c3RvbWlzYXRpb25zIjpmYWxzZSwiaW5mb3dpbmRvd193aWR0aCI6IjEwMCUiLCJpbmZvd2luZG93X2JvcmRlcl9jb2xvciI6InJnYmEoMCwgMCwgMCwgMC4wOTgwMzkyKSIsImluZm93aW5kb3dfYmdfY29sb3IiOiIjZmZmIiwic2hvd19pbmZvd2luZG93X2hlYWRlciI6ZmFsc2UsIm1pbl96b29tIjoiMCIsIm1heF96b29tIjoiMTQiLCJ6b29tX2xldmVsX2FmdGVyX3NlYXJjaCI6IjEwIiwidXJsX2ZpbHRlcnMiOmZhbHNlLCJkb3VibGVjbGlja3pvb20iOmZhbHNlLCJjdXJyZW50X3Bvc3Rfb25seSI6ZmFsc2UsImFkdmFuY2VfdGVtcGxhdGUiOmZhbHNlLCJib3VuZF9tYXBfYWZ0ZXJfZmlsdGVyIjpmYWxzZSwiZGlzcGxheV9yZXNldF9idXR0b24iOmZhbHNlLCJtYXBfcmVzZXRfYnV0dG9uX3RleHQiOiJSZXNldCIsImhlaWdodCI6IjQwMCJ9LCJwbGFjZXMiOlt7ImlkIjoiMTIiLCJ0aXRsZSI6IlN0LiBBbnRob255IG9mIFBhZHVhIENhdGhvbGljIENodXJjaCIsImFkZHJlc3MiOiIzMTYgTiBTaGVyd29vZCBBdmUsIENsYXJrc3ZpbGxlLCBJTiwgVVNBIiwic291cmNlIjoibWFudWFsIiwiY29udGVudCI6Ik91ciBwYXJpc2ggd2FzIGZvdW5kZWQgaW4gMTg1MSBhbmQgcmVsb2NhdGVkIGluIHRoZSBUb3duIG9mIENsYXJrc3ZpbGxlIGluIDE5NDkgZnJvbSBKZWZmZXJzb252aWxsZS4gIFxyXG5cclxuV2UgYXJlIGEgcGFyaXNoIGZvY3VzZWQgb24gZ29vZCBzdGV3YXJkc2hpcC4gU3Rld2FyZHNoaXAgaXMgYWJvdXQgbGl2aW5nIG91ciBmYWl0aCBieSBkZWRpY2F0aW5nIG91cnNlbHZlcyB0byBHb2QgdGhyb3VnaCBvdXIgcmVsYXRpb25zaGlwIHdpdGggSmVzdXMgQ2hyaXN0LiBXZSBhcmUgc3RyaXZpbmcgdG8gYmUgYSBwYXJpc2ggdGhhdCBpcyB1bmlxdWUsIGNoYWxsZW5naW5nLCBhbmQgdW5saWtlIHdoYXQgeW91IG1heSBoYXZlIGV4cGVyaWVuY2VkIGVsc2Ugd2hlcmUuXHJcbmh0dHBzOlwvXC9wYXJpc2guc3RhbnRob255LWNsYXJrc3ZpbGxlLm9yZ1wvXHJcblxyXG4iLCJsb2NhdGlvbiI6eyJpY29uIjoiaHR0cHM6XC9cL3d3dy5mcmFuY2lzY2Fuc3VzYS5vcmdcL3dwLWNvbnRlbnRcL3BsdWdpbnNcL3dwLWdvb2dsZS1tYXAtZ29sZFwvYXNzZXRzXC9pbWFnZXNcL2ljb25zXC9jaHVyY2gyLnBuZyIsImxhdCI6IjM4LjI5MzAyODUiLCJsbmciOiItODUuNzU5OTg3NyIsImNpdHkiOiJKZWZmZXJzb252aWxsZSBUb3duc2hpcCIsInN0YXRlIjoiSW5kaWFuYSIsImNvdW50cnkiOiJVbml0ZWQgU3RhdGVzIiwib25jbGlja19hY3Rpb24iOiJtYXJrZXIiLCJyZWRpcmVjdF9jdXN0b21fbGluayI6IiIsIm1hcmtlcl9pbWFnZSI6IjxkaXYgY2xhc3M9J2ZjLWZlYXR1cmUtaW1nJz48aW1nIGxvYWRpbmc9J2xhenknIGRlY29kaW5nPSdhc3luYycgYWx0PSdTdC4gQW50aG9ueSBvZiBQYWR1YSBDYXRob2xpYyBDaHVyY2gnIHNyYz0naHR0cHM6XC9cL3d3dy5mcmFuY2lzY2Fuc3VzYS5vcmdcL3dwLWNvbnRlbnRcL3VwbG9hZHNcLzIwMjFcLzAyXC9TY3JlZW4tU2hvdC0yMDIxLTAyLTE1LWF0LTMuMTkuNTAtUE0tNjAweDQwMC5wbmcnIGNsYXNzPSd3cGdtcF9tYXJrZXJfaW1hZ2UgZmMtaXRlbS1mZWF0dXJlZF9pbWFnZSBmYy1pdGVtLWxhcmdlJyBcLz48XC9kaXY+Iiwib3Blbl9uZXdfdGFiIjoieWVzIiwicG9zdGFsX2NvZGUiOiI0NzEyOSIsImRyYWdnYWJsZSI6ZmFsc2UsImluZm93aW5kb3dfZGVmYXVsdF9vcGVuIjpmYWxzZSwiYW5pbWF0aW9uIjoiIiwiaW5mb3dpbmRvd19kaXNhYmxlIjp0cnVlLCJ6b29tIjo1LCJleHRyYV9maWVsZHMiOnsibGlzdG9yZGVyIjowfX0sImNhdGVnb3JpZXMiOlt7ImlkIjoiMyIsIm5hbWUiOiJQYXJpc2giLCJ0eXBlIjoiY2F0ZWdvcnkiLCJleHRlbnNpb25fZmllbGRzIjp7ImNhdF9vcmRlciI6IiJ9LCJpY29uIjoiaHR0cHM6XC9cL3d3dy5mcmFuY2lzY2Fuc3VzYS5vcmdcL3dwLWNvbnRlbnRcL3BsdWdpbnNcL3dwLWdvb2dsZS1tYXAtZ29sZFwvYXNzZXRzXC9pbWFnZXNcL2ljb25zXC9jaHVyY2gyLnBuZyJ9XSwiY3VzdG9tX2ZpbHRlcnMiOltdfV0sIm1hcF9wcm9wZXJ0eSI6eyJtYXBfaWQiOiIyIiwiZGVidWdfbW9kZSI6ZmFsc2V9LCJzaGFwZXMiOnsiZHJhd2luZ19lZGl0YWJsZSI6ZmFsc2V9LCJmaWx0ZXJzIjp7ImZpbHRlcnNfY29udGFpbmVyIjoiW2RhdGEtY29udGFpbmVyPVwid3BnbXAtZmlsdGVycy1jb250YWluZXJcIl0ifSwibWFya2VyX2NhdGVnb3J5X2ljb25zIjp7IjEiOiJodHRwczpcL1wvd3d3LmZyYW5jaXNjYW5zdXNhLm9yZ1wvd3AtY29udGVudFwvcGx1Z2luc1wvd3AtZ29vZ2xlLW1hcC1nb2xkXC9hc3NldHNcL2ltYWdlc1wvaWNvbnNcL2NodXJjaC5wbmciLCIyIjoiaHR0cHM6XC9cL3d3dy5mcmFuY2lzY2Fuc3VzYS5vcmdcL3dwLWNvbnRlbnRcL3VwbG9hZHNcLzIwMjBcLzAxXC9rbm90cy1tYXJrZXIucG5nIiwiMyI6Imh0dHBzOlwvXC93d3cuZnJhbmNpc2NhbnN1c2Eub3JnXC93cC1jb250ZW50XC9wbHVnaW5zXC93cC1nb29nbGUtbWFwLWdvbGRcL2Fzc2V0c1wvaW1hZ2VzXC9pY29uc1wvY2h1cmNoMi5wbmcifX0=\"; });<\/script><\/p>\n<\/div><\/div><\/div><div class=\"w-popup-closer\" style=\"background:var(--color-content-bg);color:var(--color-content-text);\"><\/div><\/div><\/div><\/div><\/div><\/div><\/div><\/div><\/section>\n<\/div>","protected":false},"excerpt":{"rendered":"Ministerio Parroquial. Un ministerio importante y tradicional de los Franciscanos Conventuales es el servicio en parroquias de todo el mundo. Aunque seguimos siendo frailes y miembros de nuestras provincias, desempe\u00f1amos las mismas funciones que los sacerdotes diocesanos: celebramos la misa, escuchamos confesiones, bautizamos a los nuevos miembros de la Iglesia y participamos en funciones que abarcan desde la parroquia...","protected":false},"author":1,"featured_media":8309,"parent":0,"menu_order":0,"comment_status":"closed","ping_status":"closed","template":"","meta":{"om_disable_all_campaigns":false,"_monsterinsights_skip_tracking":false,"_monsterinsights_sitenote_active":false,"_monsterinsights_sitenote_note":"","_monsterinsights_sitenote_category":0,"_uf_show_specific_survey":0,"_uf_disable_surveys":false,"footnotes":""},"class_list":["post-8308","page","type-page","status-publish","has-post-thumbnail","hentry"],"aioseo_notices":[],"publishpress_future_action":{"enabled":false,"date":"2026-04-22 15:27:43","action":"change-status","newStatus":"draft","terms":[],"taxonomy":"","extraData":[]},"publishpress_future_workflow_manual_trigger":{"enabledWorkflows":[]},"_links":{"self":[{"href":"https:\/\/www.franciscansusa.org\/es\/wp-json\/wp\/v2\/pages\/8308","targetHints":{"allow":["GET"]}}],"collection":[{"href":"https:\/\/www.franciscansusa.org\/es\/wp-json\/wp\/v2\/pages"}],"about":[{"href":"https:\/\/www.franciscansusa.org\/es\/wp-json\/wp\/v2\/types\/page"}],"author":[{"embeddable":true,"href":"https:\/\/www.franciscansusa.org\/es\/wp-json\/wp\/v2\/users\/1"}],"replies":[{"embeddable":true,"href":"https:\/\/www.franciscansusa.org\/es\/wp-json\/wp\/v2\/comments?post=8308"}],"version-history":[{"count":5,"href":"https:\/\/www.franciscansusa.org\/es\/wp-json\/wp\/v2\/pages\/8308\/revisions"}],"predecessor-version":[{"id":11572,"href":"https:\/\/www.franciscansusa.org\/es\/wp-json\/wp\/v2\/pages\/8308\/revisions\/11572"}],"wp:featuredmedia":[{"embeddable":true,"href":"https:\/\/www.franciscansusa.org\/es\/wp-json\/wp\/v2\/media\/8309"}],"wp:attachment":[{"href":"https:\/\/www.franciscansusa.org\/es\/wp-json\/wp\/v2\/media?parent=8308"}],"curies":[{"name":"gracias","href":"https:\/\/api.w.org\/{rel}","templated":true}]}}