{"id":8352,"date":"2020-07-08T14:07:24","date_gmt":"2020-07-08T14:07:24","guid":{"rendered":"http:\/\/www.franciscansusa.dev\/franciscansusa.org\/?page_id=8352"},"modified":"2021-04-27T15:00:23","modified_gmt":"2021-04-27T15:00:23","slug":"meet-the-vocations-team","status":"publish","type":"page","link":"https:\/\/www.franciscansusa.org\/es\/meet-the-vocations-team\/","title":{"rendered":"Conozca al Equipo de Vocaciones"},"content":{"rendered":"<div class=\"wpb-content-wrapper\"><section class=\"l-section wpb_row height_huge with_img with_overlay\"><div class=\"l-section-img\" style=\"background-image: url(https:\/\/www.franciscansusa.org\/wp-content\/uploads\/2021\/04\/IMG_1548.jpg);\" data-img-width=\"1000\" data-img-height=\"667\"><\/div><div class=\"l-section-overlay\" style=\"background: rgba(0,0,0,0.6)\"><\/div><div class=\"l-section-h i-cf\"><div class=\"g-cols vc_row type_default valign_top\"><div class=\"vc_col-sm-12 wpb_column vc_column_container\"><div class=\"vc_column-inner\"><div class=\"wpb_wrapper\"><div class=\"wpb_text_column\" ><div class=\"wpb_wrapper\"><h2><span style=\"color: #ffffff;\"><strong>Conozca al Equipo de Vocaciones<\/strong><\/span><\/h2>\n<\/div><\/div><\/div><\/div><\/div><\/div><\/div><\/section><div class=\"vc_col-sm-12 wpb_column vc_column_container\"><div class=\"vc_column-inner\"><div class=\"wpb_wrapper\"><\/div><\/div><\/div><section class=\"l-section wpb_row height_medium\"><div class=\"l-section-h i-cf\"><div class=\"g-cols vc_row type_default valign_top\"><div class=\"vc_col-sm-3 wpb_column vc_column_container\"><div class=\"vc_column-inner\"><div class=\"wpb_wrapper\"><div class=\"w-person layout_circle with_socials\" itemscope itemtype=\"https:\/\/schema.org\/Person\"><div class=\"w-person-image\"><img loading=\"lazy\" decoding=\"async\" width=\"2107\" height=\"2107\" src=\"https:\/\/www.franciscansusa.org\/wp-content\/uploads\/2020\/07\/friar-andy-hs.jpg\" class=\"attachment-full size-full\" alt=\"\" srcset=\"https:\/\/www.franciscansusa.org\/wp-content\/uploads\/2020\/07\/friar-andy-hs.jpg 2107w, https:\/\/www.franciscansusa.org\/wp-content\/uploads\/2020\/07\/friar-andy-hs-12x12.jpg 12w, https:\/\/www.franciscansusa.org\/wp-content\/uploads\/2020\/07\/friar-andy-hs-150x150.jpg 150w, https:\/\/www.franciscansusa.org\/wp-content\/uploads\/2020\/07\/friar-andy-hs-400x400.jpg 400w, https:\/\/www.franciscansusa.org\/wp-content\/uploads\/2020\/07\/friar-andy-hs-600x600.jpg 600w, https:\/\/www.franciscansusa.org\/wp-content\/uploads\/2020\/07\/friar-andy-hs-25x25.jpg 25w, https:\/\/www.franciscansusa.org\/wp-content\/uploads\/2020\/07\/friar-andy-hs-300x300.jpg 300w, https:\/\/www.franciscansusa.org\/wp-content\/uploads\/2020\/07\/friar-andy-hs-1024x1024.jpg 1024w\" sizes=\"auto, (max-width: 2107px) 100vw, 2107px\" \/><div class=\"w-person-links\"><div class=\"w-person-links-list\"><a class=\"w-person-links-item type_email\" title=\"Correo electr\u00f3nico\" href=\"mailto:andymartinez3@yahoo.com\"><i class=\"fas fa-envelope\"><\/i><\/a><\/div><\/div><\/div><div class=\"w-person-content\"><h4 class=\"w-person-name\" itemprop=\"name\"><span>Fray Andy Mart\u00ednez OFM Conv.<\/span><\/h4><div class=\"w-person-role\" itemprop=\"jobTitle\">Directora Vocacional<\/div><\/div><\/div><\/div><\/div><\/div><div class=\"vc_col-sm-9 wpb_column vc_column_container\"><div class=\"vc_column-inner\"><div class=\"wpb_wrapper\"><div class=\"wpb_text_column\" ><div class=\"wpb_wrapper\"><p>Fray Andy Martinez, OFM Conv., naci\u00f3 en Odessa, Texas y creci\u00f3 en Pecos, Texas. Asisti\u00f3 a la escuela en Pecos y, despu\u00e9s de graduarse, fue al seminario en El Paso, Texas. Despu\u00e9s de vivir en El Paso durante tres a\u00f1os, Fray Andy decidi\u00f3 que el sacerdocio diocesano no era su vocaci\u00f3n, por lo que dej\u00f3 el seminario pero a\u00fan ten\u00eda un fuerte deseo de servir a la Iglesia.<\/p>\n<p>Mientras viv\u00eda fuera del seminario, decidi\u00f3 discernir m\u00e1s, y fue en ese momento cuando conoci\u00f3 a Fray John Stowe, quien ahora es el obispo actual de Lexington, Kentucky. El obispo Juan fue su primer contacto de conocer a los franciscanos. Poco despu\u00e9s, se present\u00f3 con ellos y comenz\u00f3 su formaci\u00f3n inicial con los franciscanos conventuales. Hizo su postulantado en San Antonio, Texas, y su noviciado en Mishawaka, Indiana. Complet\u00f3 sus estudios universitarios en la Universidad Our Lady of Lakes y sus estudios teol\u00f3gicos en la Escuela Oblata de Teolog\u00eda. Despu\u00e9s de su ordenaci\u00f3n en 2009, se desempe\u00f1\u00f3 como p\u00e1rroco, ministro del campus universitario, director asistente de vocaciones y director adjunto de formaci\u00f3n.<\/p>\n<p>Una de las principales razones por las que eligi\u00f3 convertirse en fraile fue el hecho de que viven en grupos y no solos. \u00c9l siente que aunque la vida comunitaria tiene sus desaf\u00edos, tambi\u00e9n nos permite compartir con otros frailes nuestras historias, dones, talentos y sentir el apoyo de otros frailes cuando pasamos por momentos dif\u00edciles en nuestros ministerios. Tambi\u00e9n disfruta de c\u00f3mo su forma de vida apoya la oraci\u00f3n de la liturgia de las Horas y las comidas comunes que tienen juntos y est\u00e1 agradecido por las muchas oportunidades de visitar frailes en otros pa\u00edses como M\u00e9xico, Am\u00e9rica Central y Cuba. En sus propias palabras. \u201cCiertamente es hermoso conectarnos con nuestros frailes de diferentes pa\u00edses, diferentes culturas, diferentes idiomas, pero siguiendo la vida sencilla que San Francisco de As\u00eds quer\u00eda para nosotros y al mismo tiempo ser hermanos unos de otros\u201d.<\/p>\n<\/div><\/div><\/div><\/div><\/div><\/div><\/div><\/section><section class=\"l-section wpb_row height_medium\"><div class=\"l-section-h i-cf\"><div class=\"g-cols vc_row type_default valign_top\"><div class=\"vc_col-sm-3 wpb_column vc_column_container\"><div class=\"vc_column-inner\"><div class=\"wpb_wrapper\"><div class=\"w-person layout_circle with_socials\" itemscope itemtype=\"https:\/\/schema.org\/Person\"><div class=\"w-person-image\"><img loading=\"lazy\" decoding=\"async\" width=\"2107\" height=\"2107\" src=\"https:\/\/www.franciscansusa.org\/wp-content\/uploads\/2020\/07\/friar-mario-hs.jpg\" class=\"attachment-full size-full\" alt=\"\" srcset=\"https:\/\/www.franciscansusa.org\/wp-content\/uploads\/2020\/07\/friar-mario-hs.jpg 2107w, https:\/\/www.franciscansusa.org\/wp-content\/uploads\/2020\/07\/friar-mario-hs-12x12.jpg 12w, https:\/\/www.franciscansusa.org\/wp-content\/uploads\/2020\/07\/friar-mario-hs-150x150.jpg 150w, https:\/\/www.franciscansusa.org\/wp-content\/uploads\/2020\/07\/friar-mario-hs-400x400.jpg 400w, https:\/\/www.franciscansusa.org\/wp-content\/uploads\/2020\/07\/friar-mario-hs-600x600.jpg 600w, https:\/\/www.franciscansusa.org\/wp-content\/uploads\/2020\/07\/friar-mario-hs-25x25.jpg 25w, https:\/\/www.franciscansusa.org\/wp-content\/uploads\/2020\/07\/friar-mario-hs-300x300.jpg 300w, https:\/\/www.franciscansusa.org\/wp-content\/uploads\/2020\/07\/friar-mario-hs-1024x1024.jpg 1024w\" sizes=\"auto, (max-width: 2107px) 100vw, 2107px\" \/><div class=\"w-person-links\"><div class=\"w-person-links-list\"><a class=\"w-person-links-item type_email\" title=\"Correo electr\u00f3nico\" href=\"mailto:friarmarioserrano@gmail.com\"><i class=\"fas fa-envelope\"><\/i><\/a><\/div><\/div><\/div><div class=\"w-person-content\"><h4 class=\"w-person-name\" itemprop=\"name\"><span>Fray Mario Serrano OFM Conv.<\/span><\/h4><div class=\"w-person-role\" itemprop=\"jobTitle\">Directora Vocacional<\/div><\/div><\/div><\/div><\/div><\/div><div class=\"vc_col-sm-9 wpb_column vc_column_container\"><div class=\"vc_column-inner\"><div class=\"wpb_wrapper\"><div class=\"wpb_text_column\" ><div class=\"wpb_wrapper\"><p>Fray Mario Serrano, OFM Conv., ha estado con los Frailes Franciscanos Conventuales durante casi dos d\u00e9cadas y es originario de un peque\u00f1o pueblo de Nuevo M\u00e9xico. Como sacerdote franciscano, actualmente es el Director del Ministerio Universitario de la Di\u00f3cesis de El Paso en El Paso, Texas, y Director Vocacional de la Provincia de Nuestra Se\u00f1ora de la Consolaci\u00f3n.<\/p>\n<p>Fray Mario ha ministrado a y con estudiantes universitarios en la Universidad Our Lady of the Lake en San Antonio, Texas. Adem\u00e1s, en St. Joseph University Parish en Terre Haute, Indiana, involucrando a estudiantes universitarios en Indiana State University, Rose Hulman Institute of Technology y St. Mary of the Woods College.<\/p>\n<p>Fray Mario ha experimentado la fraternidad a nivel local y global. Durante su formaci\u00f3n para convertirse en fraile franciscano, tuvo el privilegio de realizar experiencias misioneras en M\u00e9xico, Honduras, Costa Rica y El Salvador. M\u00e1s recientemente fray Mario tambi\u00e9n ha participado en eventos fraternos en Zambia y Kenia. Su habilidad para hablar espa\u00f1ol le dio la experiencia \u00fanica de reunirse con frailes de todo el mundo en As\u00eds para el Cap\u00edtulo General de 2019 como traductor ingl\u00e9s-espa\u00f1ol.<\/p>\n<p>Como Director Vocacional, Fray Mario busca ayudar a los hombres a crecer en su capacidad de discernir c\u00f3mo Dios est\u00e1 trabajando dentro de ellos para lograr la transformaci\u00f3n del mundo, y tal vez como fraile franciscano.<\/p>\n<\/div><\/div><\/div><\/div><\/div><\/div><\/div><\/section>\n<\/div>","protected":false},"excerpt":{"rendered":"Conozca al Equipo Vocacional Fray Andy Martinez OFM Conv. Director Vocacional Fray Andy Martinez, OFM Conv., naci\u00f3 en Odessa, Texas, y creci\u00f3 en Pecos, Texas. Asisti\u00f3 a la escuela en Pecos y, despu\u00e9s de graduarse, fue al seminario en El Paso, Texas. Despu\u00e9s de vivir en El Paso durante tres a\u00f1os, Fray Andy decidi\u00f3 que el sacerdocio diocesano no era...","protected":false},"author":1,"featured_media":0,"parent":0,"menu_order":0,"comment_status":"closed","ping_status":"closed","template":"","meta":{"om_disable_all_campaigns":false,"_monsterinsights_skip_tracking":false,"_monsterinsights_sitenote_active":false,"_monsterinsights_sitenote_note":"","_monsterinsights_sitenote_category":0,"_uf_show_specific_survey":0,"_uf_disable_surveys":false,"footnotes":""},"class_list":["post-8352","page","type-page","status-publish","hentry"],"aioseo_notices":[],"publishpress_future_action":{"enabled":false,"date":"2026-04-22 17:53:55","action":"change-status","newStatus":"draft","terms":[],"taxonomy":"","extraData":[]},"publishpress_future_workflow_manual_trigger":{"enabledWorkflows":[]},"_links":{"self":[{"href":"https:\/\/www.franciscansusa.org\/es\/wp-json\/wp\/v2\/pages\/8352","targetHints":{"allow":["GET"]}}],"collection":[{"href":"https:\/\/www.franciscansusa.org\/es\/wp-json\/wp\/v2\/pages"}],"about":[{"href":"https:\/\/www.franciscansusa.org\/es\/wp-json\/wp\/v2\/types\/page"}],"author":[{"embeddable":true,"href":"https:\/\/www.franciscansusa.org\/es\/wp-json\/wp\/v2\/users\/1"}],"replies":[{"embeddable":true,"href":"https:\/\/www.franciscansusa.org\/es\/wp-json\/wp\/v2\/comments?post=8352"}],"version-history":[{"count":13,"href":"https:\/\/www.franciscansusa.org\/es\/wp-json\/wp\/v2\/pages\/8352\/revisions"}],"predecessor-version":[{"id":11868,"href":"https:\/\/www.franciscansusa.org\/es\/wp-json\/wp\/v2\/pages\/8352\/revisions\/11868"}],"wp:attachment":[{"href":"https:\/\/www.franciscansusa.org\/es\/wp-json\/wp\/v2\/media?parent=8352"}],"curies":[{"name":"gracias","href":"https:\/\/api.w.org\/{rel}","templated":true}]}}