{"id":8578,"date":"2020-07-16T04:16:35","date_gmt":"2020-07-16T04:16:35","guid":{"rendered":"http:\/\/www.franciscansusa.dev\/franciscansusa.org\/?page_id=8578"},"modified":"2021-04-14T18:58:42","modified_gmt":"2021-04-14T18:58:42","slug":"province-archives","status":"publish","type":"page","link":"https:\/\/www.franciscansusa.org\/es\/province-archives\/","title":{"rendered":"Los Archivos de la Provincia"},"content":{"rendered":"<div class=\"wpb-content-wrapper\"><section class=\"l-section wpb_row height_huge with_img with_overlay\"><div class=\"l-section-img\" style=\"background-image: url(https:\/\/www.franciscansusa.org\/wp-content\/uploads\/2021\/04\/Archivesstory_hero.jpg);\" data-img-width=\"1280\" data-img-height=\"720\"><\/div><div class=\"l-section-overlay\" style=\"background: rgba(0,0,0,0.6)\"><\/div><div class=\"l-section-h i-cf\"><div class=\"g-cols vc_row type_default valign_top\"><div class=\"vc_col-sm-12 wpb_column vc_column_container\"><div class=\"vc_column-inner\"><div class=\"wpb_wrapper\"><div class=\"wpb_text_column\" ><div class=\"wpb_wrapper\"><h2><span style=\"color: #ffffff;\"><strong>Los Archivos de la Provincia<\/strong><\/span><\/h2>\n<\/div><\/div><\/div><\/div><\/div><\/div><\/div><\/section><section class=\"l-section wpb_row height_medium\"><div class=\"l-section-h i-cf\"><div class=\"g-cols vc_row type_default valign_top\"><div class=\"vc_col-sm-12 wpb_column vc_column_container\"><div class=\"vc_column-inner\"><div class=\"wpb_wrapper\"><div class=\"wpb_text_column\" ><div class=\"wpb_wrapper\"><article id=\"post-7045\" class=\"main-content post-7045 page type-page status-publish hentry\">\n<header><\/header>\n<div class=\"entry-content\">\n<p>El prop\u00f3sito de los Archivos fue definido en 1989 por una declaraci\u00f3n de pol\u00edtica del Definitorio:<\/p>\n<p><em>(Los) Archivos son el dep\u00f3sito oficial de todos los manuscritos, incluida la correspondencia, documentos personales, producciones, fotograf\u00edas,\u00a0<\/em><em>diapositivas, cintas de audio y video, cancioneros, mapas, cuadros, planos, diagramas, gr\u00e1ficos, libros, registros legibles por m\u00e1quina, artefactos y todos los documentos pertinentes de cualquier forma, hechos o recibidos por la comunidad en el cumplimiento de sus obligaciones religiosas y legales y en la transacci\u00f3n de su negocio.<\/em><\/p>\n<p>&nbsp;<\/p>\n<p>Los Archivos de la Provincia se iniciaron con el liderazgo del Provincial Wayne Hellmann, OFM Conv. quien nombr\u00f3 al Hno. Larry Eberhardt, OFM Conv. como el primer Archivero de la Provincia. Comenzando con un espacio reducido en la Oficina de Avance de la Misi\u00f3n, se encontr\u00f3 otro espacio en el Monte en 1991. <a href=\"https:\/\/www.franciscansusa.org\/es\/about-the-province\/the-province-archives\/1991-construction-of-the-archives\/\">(Para im\u00e1genes de construcci\u00f3n, haga clic aqu\u00ed).<\/a><\/p>\n<p>&nbsp;<\/p>\n<p><a href=\"https:\/\/www.franciscansusa.org\/wp-content\/uploads\/2018\/10\/schematic-of-stacks.pdf\">Para tener una idea aproximada de qu\u00e9 tipo de elementos hay en el \u00e1rea de pilas, haga clic aqu\u00ed.<\/a><\/p>\n<p><a href=\"https:\/\/www.franciscansusa.org\/wp-content\/uploads\/2018\/10\/Useful-items-to-keep-in-mind.pdf\">Para obtener informaci\u00f3n para las personas que deseen utilizar los archivos, es decir, reglas y pol\u00edticas, haga clic aqu\u00ed.<\/a><\/p>\n<p>&nbsp;<\/p>\n<p>Los Archivos est\u00e1n ubicados detr\u00e1s de la Rotonda (segundo piso) y el Comedor (primera sala). Se llega a los archivos conduciendo alrededor del antiguo edificio de la escuela (edificio de Retiro Juvenil), pasando la capilla y, como en el \u00e1rea del s\u00f3tano en la siguiente extensi\u00f3n del edificio, debajo de los 3 pisos de las salas de retiro. El horario var\u00eda, pero por lo general es de 8:15 a. m. a 4:00 p. m. de lunes a viernes. Sin embargo, dado que generalmente solo hay una persona en la oficina, es mejor llamar primero: 812-923-7876.<\/p>\n<p>&nbsp;<\/p>\n<\/div>\n<footer><\/footer>\n<\/article>\n<aside class=\"sidebar\">\n<article id=\"sow-social-media-buttons-3\" class=\"widget widget_sow-social-media-buttons\">\n<div class=\"so-widget-sow-social-media-buttons so-widget-sow-social-media-buttons-atom-ed23b0ac05d0\">\n<div class=\"social-media-button-container\"><\/div>\n<\/div>\n<\/article>\n<article id=\"sow-button-15\" class=\"widget widget_sow-button\">\n<div class=\"so-widget-sow-button so-widget-sow-button-flat-7ba00f117e95\">\n<div class=\"ow-button-base ow-button-align-center\"><\/div>\n<\/div>\n<\/article>\n<article id=\"sow-headline-2\" class=\"widget widget_sow-headline\">\n<div class=\"so-widget-sow-headline so-widget-sow-headline-default-86354344b241\">\n<div class=\"sow-headline-container\">\n<div class=\"decoration\">\n<div class=\"decoration-inside\"><\/div>\n<\/div>\n<\/div>\n<\/div>\n<\/article>\n<article id=\"sow-image-3\" class=\"widget widget_sow-image\">\n<div class=\"so-widget-sow-image so-widget-sow-image-default-d6014b76747a\">\n<div class=\"sow-image-container\"><a href=\"https:\/\/soundcloud.com\/user-286084615\">\u00a0 <\/a><\/div>\n<\/div>\n<\/article>\n<article id=\"sow-headline-3\" class=\"widget widget_sow-headline\">\n<div class=\"so-widget-sow-headline so-widget-sow-headline-default-86354344b241\">\n<div class=\"sow-headline-container\">\n<div class=\"decoration\">\n<div class=\"decoration-inside\"><\/div>\n<\/div>\n<\/div>\n<\/div>\n<\/article>\n<\/aside>\n<\/div><\/div><\/div><\/div><\/div><\/div><\/div><\/section>\n<\/div>","protected":false},"excerpt":{"rendered":"Los Archivos Provinciales El prop\u00f3sito de los Archivos fue definido en 1989 por una declaraci\u00f3n pol\u00edtica del Definitorio: (Los) Archivos son el dep\u00f3sito oficial de todos los manuscritos, incluyendo correspondencia, documentos personales, producciones, fotograf\u00edas, diapositivas, cintas de audio y video, cancioneros. , mapas, cuadros, planos, diagramas, gr\u00e1ficos, libros, registros legibles por m\u00e1quina, artefactos y todos los documentos pertinentes de...","protected":false},"author":1,"featured_media":8580,"parent":0,"menu_order":0,"comment_status":"closed","ping_status":"closed","template":"","meta":{"om_disable_all_campaigns":false,"_monsterinsights_skip_tracking":false,"_monsterinsights_sitenote_active":false,"_monsterinsights_sitenote_note":"","_monsterinsights_sitenote_category":0,"_uf_show_specific_survey":0,"_uf_disable_surveys":false,"footnotes":""},"class_list":["post-8578","page","type-page","status-publish","has-post-thumbnail","hentry"],"aioseo_notices":[],"publishpress_future_action":{"enabled":false,"date":"2026-04-22 15:16:31","action":"change-status","newStatus":"draft","terms":[],"taxonomy":"","extraData":[]},"publishpress_future_workflow_manual_trigger":{"enabledWorkflows":[]},"_links":{"self":[{"href":"https:\/\/www.franciscansusa.org\/es\/wp-json\/wp\/v2\/pages\/8578","targetHints":{"allow":["GET"]}}],"collection":[{"href":"https:\/\/www.franciscansusa.org\/es\/wp-json\/wp\/v2\/pages"}],"about":[{"href":"https:\/\/www.franciscansusa.org\/es\/wp-json\/wp\/v2\/types\/page"}],"author":[{"embeddable":true,"href":"https:\/\/www.franciscansusa.org\/es\/wp-json\/wp\/v2\/users\/1"}],"replies":[{"embeddable":true,"href":"https:\/\/www.franciscansusa.org\/es\/wp-json\/wp\/v2\/comments?post=8578"}],"version-history":[{"count":5,"href":"https:\/\/www.franciscansusa.org\/es\/wp-json\/wp\/v2\/pages\/8578\/revisions"}],"predecessor-version":[{"id":11787,"href":"https:\/\/www.franciscansusa.org\/es\/wp-json\/wp\/v2\/pages\/8578\/revisions\/11787"}],"wp:featuredmedia":[{"embeddable":true,"href":"https:\/\/www.franciscansusa.org\/es\/wp-json\/wp\/v2\/media\/8580"}],"wp:attachment":[{"href":"https:\/\/www.franciscansusa.org\/es\/wp-json\/wp\/v2\/media?parent=8578"}],"curies":[{"name":"gracias","href":"https:\/\/api.w.org\/{rel}","templated":true}]}}