{"id":9181,"date":"2021-01-25T18:45:42","date_gmt":"2021-01-25T18:45:42","guid":{"rendered":"http:\/\/www.franciscansusa.dev\/franciscansusa.org\/?page_id=9181"},"modified":"2024-07-30T11:16:39","modified_gmt":"2024-07-30T15:16:39","slug":"give","status":"publish","type":"page","link":"https:\/\/www.franciscansusa.org\/es\/give\/","title":{"rendered":"Dar"},"content":{"rendered":"<div class=\"wpb-content-wrapper\"><section class=\"l-section wpb_row height_huge with_img with_overlay\"><div class=\"l-section-img\" style=\"background-image: url(https:\/\/www.franciscansusa.org\/wp-content\/uploads\/2021\/02\/29663177_1881243618617548_352723591633820655_o-1.jpg);\" data-img-width=\"600\" data-img-height=\"400\"><\/div><div class=\"l-section-overlay\" style=\"background: rgba(0,0,0,0.6)\"><\/div><div class=\"l-section-h i-cf\"><div class=\"g-cols vc_row type_default valign_top\"><div class=\"vc_col-sm-12 wpb_column vc_column_container\"><div class=\"vc_column-inner\"><div class=\"wpb_wrapper\"><div class=\"wpb_text_column\" ><div class=\"wpb_wrapper\"><h2><span style=\"color: #ffffff;\"><strong>Dar<\/strong><\/span><\/h2>\n<\/div><\/div><\/div><\/div><\/div><\/div><\/div><\/section><section class=\"l-section wpb_row us_custom_0728b4ce height_medium\"><div class=\"l-section-h i-cf\"><div class=\"g-cols vc_row type_default valign_top\"><div class=\"vc_col-sm-12 wpb_column vc_column_container\"><div class=\"vc_column-inner\"><div class=\"wpb_wrapper\"><div class=\"wpb_text_column us_custom_c5ac9e41\" ><div class=\"wpb_wrapper\"><blockquote>\n<p style=\"text-align: center;\">Recuerda que cuando dejes esta tierra, no podr\u00e1s llevarte nada de lo que hayas recibido, solo lo que hayas dado.<\/p>\n<\/blockquote>\n<p style=\"text-align: center;\">San Francisco de As\u00eds<\/p>\n<\/div><\/div><div class=\"w-separator size_medium\"><\/div><div class=\"wpb_text_column us_custom_c5ac9e41\" ><div class=\"wpb_wrapper\"><p>Desde la \u00e9poca de San Francisco y sus primeros seguidores, nuestros ministerios, nuestra capacidad de servir a los necesitados, la educaci\u00f3n de los nuevos hermanos, el cuidado de nuestros ancianos, todo es posible con la colaboraci\u00f3n de nuestros bienhechores.<\/p>\n<\/div><\/div><\/div><\/div><\/div><\/div><\/div><\/section><section class=\"l-section wpb_row height_medium\"><div class=\"l-section-h i-cf\"><div class=\"g-cols vc_row type_default valign_top\"><div class=\"vc_col-sm-3 wpb_column vc_column_container\"><div class=\"vc_column-inner\"><div class=\"wpb_wrapper\"><div class=\"w-ibanner animation_phorcys ratio_3x2 easing_ease\"><div class=\"w-ibanner-h\"><div class=\"w-ibanner-image\" style=\"background-image: url(https:\/\/www.franciscansusa.org\/wp-content\/uploads\/2021\/02\/woman-hands-holding-green-seedling-sprout-over-soi-RYDKFAK-1024x416.jpg)\"><\/div><div class=\"w-ibanner-content\"><div class=\"w-ibanner-content-h\"><h4 class=\"w-ibanner-title\">Done ahora<\/h4><div class=\"w-ibanner-desc\"><\/div><\/div><\/div><\/div><a title=\"Haz un regalo\" href=\"https:\/\/www.franciscansusa.org\/es\/make-a-gift\/\" aria-label=\"Done ahora\"><\/a><\/div><\/div><\/div><\/div><div class=\"vc_col-sm-3 wpb_column vc_column_container\"><div class=\"vc_column-inner\"><div class=\"wpb_wrapper\"><div class=\"w-ibanner animation_phorcys ratio_3x2 easing_ease\"><div class=\"w-ibanner-h\"><div class=\"w-ibanner-image\" style=\"background-image: url(https:\/\/www.franciscansusa.org\/wp-content\/uploads\/2021\/01\/120339180_4399516276790257_3505380059380263098_o-1024x683.jpg)\"><\/div><div class=\"w-ibanner-content\"><div class=\"w-ibanner-content-h\"><h4 class=\"w-ibanner-title\">Haz un regalo mensual<\/h4><div class=\"w-ibanner-desc\"><\/div><\/div><\/div><\/div><a title=\"Regalos Mensuales\" href=\"https:\/\/www.franciscansusa.org\/es\/monthly-gifts\/\" aria-label=\"Haz un regalo mensual\"><\/a><\/div><\/div><\/div><\/div><div class=\"vc_col-sm-3 wpb_column vc_column_container\"><div class=\"vc_column-inner\"><div class=\"wpb_wrapper\"><div class=\"w-ibanner animation_phorcys ratio_3x2 easing_ease\"><div class=\"w-ibanner-h\"><div class=\"w-ibanner-image\" style=\"background-image: url(https:\/\/www.franciscansusa.org\/wp-content\/uploads\/2020\/06\/franciscan-kitchen-40th-04.jpg)\"><\/div><div class=\"w-ibanner-content\"><div class=\"w-ibanner-content-h\"><h4 class=\"w-ibanner-title\">Crear un legado<\/h4><div class=\"w-ibanner-desc\"><\/div><\/div><\/div><\/div><a href=\"https:\/\/www.franciscansusa.org\/es\/wills-bequest\/\" aria-label=\"Crear un legado\"><\/a><\/div><\/div><\/div><\/div><div class=\"vc_col-sm-3 wpb_column vc_column_container\"><div class=\"vc_column-inner\"><div class=\"wpb_wrapper\"><div class=\"w-ibanner animation_phorcys ratio_3x2 easing_ease\"><div class=\"w-ibanner-h\"><div class=\"w-ibanner-image\" style=\"background-image: url(https:\/\/www.franciscansusa.org\/wp-content\/uploads\/2021\/02\/volunteer-conserving-environment-from-pollution-an-ZLWVJSW.jpg)\"><\/div><div class=\"w-ibanner-content\"><div class=\"w-ibanner-content-h\"><h4 class=\"w-ibanner-title\">Voluntario<\/h4><div class=\"w-ibanner-desc\"><\/div><\/div><\/div><\/div><a title=\"Voluntario\" href=\"https:\/\/www.franciscansusa.org\/es\/volunteer\/\" aria-label=\"Voluntario\"><\/a><\/div><\/div><\/div><\/div><\/div><\/div><\/section><section class=\"l-section wpb_row us_custom_376f0b39 height_medium has_text_color with_img with_overlay\"><div class=\"l-section-img\" style=\"background-image: url(https:\/\/www.franciscansusa.org\/wp-content\/uploads\/2021\/02\/Screen-Shot-2021-01-21-at-12.56-1.52-PM-scaled.jpg);\" data-img-width=\"2560\" data-img-height=\"1071\"><\/div><div class=\"l-section-overlay\" style=\"background: rgba(51,51,51,0.45)\"><\/div><div class=\"l-section-h i-cf\"><div class=\"g-cols vc_row type_default valign_top gap-15pt\"><style>.g-cols.gap-15pt{margin:0 calc(-1.5rem - 15pt)}.gap-15pt > .vc_column_container {padding:15pt}<\/style><div class=\"vc_col-sm-12 wpb_column vc_column_container\"><div class=\"vc_column-inner\"><div class=\"wpb_wrapper\"><div class=\"w-separator size_medium\"><\/div><div class=\"wpb_text_column us_custom_6df4bc3a has_text_color\" ><div class=\"wpb_wrapper\"><h2 style=\"text-align: center;\">C\u00f3mo puedes ayudar hoy<\/h2>\n<h4 style=\"text-align: center;\"><span style=\"color: #ffffff;\">Los obsequios de todo tipo se aceptan con gratitud,<br \/>\npero estas son las formas m\u00e1s efectivas en las que puede marcar la diferencia en este momento.<\/span><\/h4>\n<\/div><\/div><div class=\"w-separator size_medium\"><\/div><\/div><\/div><\/div><div class=\"vc_col-sm-4 wpb_column vc_column_container has-fill\"><div class=\"vc_column-inner us_custom_f63afa01\"><div class=\"wpb_wrapper\"><div class=\"w-image align_center\"><div class=\"w-image-h\"><img loading=\"lazy\" decoding=\"async\" width=\"600\" height=\"400\" src=\"https:\/\/www.franciscansusa.org\/wp-content\/uploads\/2020\/02\/Page-5-words-that-build-bridges-Pedro-600x400.jpg\" class=\"attachment-us_600_400_crop size-us_600_400_crop\" alt=\"\" \/><\/div><\/div><div class=\"w-separator size_medium\"><\/div><div class=\"w-btn-wrapper width_auto align_center\"><a class=\"w-btn us-btn-style_25\" title=\"Haz un regalo\" href=\"https:\/\/www.franciscansusa.org\/es\/make-a-gift\/\"><span class=\"w-btn-label\">Done para apoyar los ministerios del fraile en todo el mundo.<\/span><\/a><\/div><\/div><\/div><\/div><div class=\"vc_col-sm-4 wpb_column vc_column_container has-fill\"><div class=\"vc_column-inner us_custom_eb154912\"><div class=\"wpb_wrapper\"><div class=\"w-image us_custom_4af741be align_center\"><div class=\"w-image-h\"><img loading=\"lazy\" decoding=\"async\" width=\"600\" height=\"400\" src=\"https:\/\/www.franciscansusa.org\/wp-content\/uploads\/2021\/01\/101793698_3823769721031585_1052370802457073431_o-600x400.jpg\" class=\"attachment-us_600_400_crop size-us_600_400_crop\" alt=\"\" srcset=\"https:\/\/www.franciscansusa.org\/wp-content\/uploads\/2021\/01\/101793698_3823769721031585_1052370802457073431_o-600x400.jpg 600w, https:\/\/www.franciscansusa.org\/wp-content\/uploads\/2021\/01\/101793698_3823769721031585_1052370802457073431_o-18x12.jpg 18w, https:\/\/www.franciscansusa.org\/wp-content\/uploads\/2021\/01\/101793698_3823769721031585_1052370802457073431_o-150x100.jpg 150w, https:\/\/www.franciscansusa.org\/wp-content\/uploads\/2021\/01\/101793698_3823769721031585_1052370802457073431_o-300x200.jpg 300w, https:\/\/www.franciscansusa.org\/wp-content\/uploads\/2021\/01\/101793698_3823769721031585_1052370802457073431_o-1024x683.jpg 1024w, https:\/\/www.franciscansusa.org\/wp-content\/uploads\/2021\/01\/101793698_3823769721031585_1052370802457073431_o.jpg 1732w\" sizes=\"auto, (max-width: 600px) 100vw, 600px\" \/><\/div><\/div><div class=\"w-separator size_medium\"><\/div><div class=\"w-btn-wrapper width_auto align_center\"><a class=\"w-btn us-btn-style_25\" title=\"Distribuciones ben\u00e9ficas calificadas: IRA\/401K y DAF\" href=\"https:\/\/www.franciscansusa.org\/es\/qualified-charitable-distributions-ira-and-401k\/\"><span class=\"w-btn-label\">Distribuir fondos de su IRA a los frailes<\/span><\/a><\/div><\/div><\/div><\/div><div class=\"vc_col-sm-4 wpb_column vc_column_container has-fill\"><div class=\"vc_column-inner us_custom_eb154912\"><div class=\"wpb_wrapper\"><div class=\"w-image us_custom_4af741be align_center\"><div class=\"w-image-h\"><img loading=\"lazy\" decoding=\"async\" width=\"600\" height=\"400\" src=\"https:\/\/www.franciscansusa.org\/wp-content\/uploads\/2020\/02\/Screenshot-2020-02-05-08.22.58-600x400.png\" class=\"attachment-us_600_400_crop size-us_600_400_crop\" alt=\"\" srcset=\"https:\/\/www.franciscansusa.org\/wp-content\/uploads\/2020\/02\/Screenshot-2020-02-05-08.22.58-600x400.png 600w, https:\/\/www.franciscansusa.org\/wp-content\/uploads\/2020\/02\/Screenshot-2020-02-05-08.22.58-18x12.png 18w\" sizes=\"auto, (max-width: 600px) 100vw, 600px\" \/><\/div><\/div><div class=\"w-separator size_medium\"><\/div><div class=\"w-btn-wrapper width_auto align_center\"><a class=\"w-btn us-btn-style_25\" title=\"Regalos Mensuales\" href=\"https:\/\/www.franciscansusa.org\/es\/monthly-gifts\/\"><span class=\"w-btn-label\">Haz una Donaci\u00f3n Monetaria Mensual<\/span><\/a><\/div><\/div><\/div><\/div><\/div><\/div><\/section><section class=\"l-section wpb_row us_custom_5cd26a65 height_medium\"><div class=\"l-section-h i-cf\"><div class=\"g-cols vc_row type_default valign_top gap-15pt\"><style>.g-cols.gap-15pt{margin:0 calc(-1.5rem - 15pt)}.gap-15pt > .vc_column_container {padding:15pt}<\/style><div class=\"vc_col-sm-12 wpb_column vc_column_container\"><div class=\"vc_column-inner\"><div class=\"wpb_wrapper\"><div class=\"w-separator size_medium\"><\/div><div class=\"wpb_text_column\" ><div class=\"wpb_wrapper\"><h4 style=\"text-align: center;\">Puedes ayudar de otras formas<\/h4>\n<h4 style=\"text-align: center;\"><span style=\"color: #1a1a1a;\">Sabemos que una donaci\u00f3n monetaria no siempre es posible.<br \/>\nAqu\u00ed hay otras formas en que puede unirse a los frailes en el ministerio.<\/span><\/h4>\n<\/div><\/div><div class=\"w-separator size_small\"><\/div><\/div><\/div><\/div><div class=\"vc_col-sm-4 wpb_column vc_column_container has-fill\"><div class=\"vc_column-inner us_custom_f63afa01\"><div class=\"wpb_wrapper\"><div class=\"w-image align_center\"><div class=\"w-image-h\"><img loading=\"lazy\" decoding=\"async\" width=\"600\" height=\"400\" src=\"https:\/\/www.franciscansusa.org\/wp-content\/uploads\/2021\/02\/volunteer-conserving-environment-from-pollution-an-ZLWVJSW-600x400.jpg\" class=\"attachment-us_600_400_crop size-us_600_400_crop\" alt=\"\" srcset=\"https:\/\/www.franciscansusa.org\/wp-content\/uploads\/2021\/02\/volunteer-conserving-environment-from-pollution-an-ZLWVJSW-600x400.jpg 600w, https:\/\/www.franciscansusa.org\/wp-content\/uploads\/2021\/02\/volunteer-conserving-environment-from-pollution-an-ZLWVJSW-300x200.jpg 300w, https:\/\/www.franciscansusa.org\/wp-content\/uploads\/2021\/02\/volunteer-conserving-environment-from-pollution-an-ZLWVJSW-18x12.jpg 18w, https:\/\/www.franciscansusa.org\/wp-content\/uploads\/2021\/02\/volunteer-conserving-environment-from-pollution-an-ZLWVJSW-150x100.jpg 150w, https:\/\/www.franciscansusa.org\/wp-content\/uploads\/2021\/02\/volunteer-conserving-environment-from-pollution-an-ZLWVJSW.jpg 1000w\" sizes=\"auto, (max-width: 600px) 100vw, 600px\" \/><\/div><\/div><div class=\"w-separator size_medium\"><\/div><div class=\"w-btn-wrapper width_auto align_center\"><a class=\"w-btn us-btn-style_3\" title=\"Regalos Mensuales\" href=\"https:\/\/www.franciscansusa.org\/es\/monthly-gifts\/\"><span class=\"w-btn-label\">Voluntario<\/span><\/a><\/div><\/div><\/div><\/div><div class=\"vc_col-sm-4 wpb_column vc_column_container has-fill\"><div class=\"vc_column-inner us_custom_eb154912\"><div class=\"wpb_wrapper\"><div class=\"w-image us_custom_4af741be align_center\"><div class=\"w-image-h\"><img loading=\"lazy\" decoding=\"async\" width=\"600\" height=\"400\" src=\"https:\/\/www.franciscansusa.org\/wp-content\/uploads\/2021\/02\/social-network-addict-using-smartphone-outdoors-PWMKEUE-600x400.jpg\" class=\"attachment-us_600_400_crop size-us_600_400_crop\" alt=\"\" srcset=\"https:\/\/www.franciscansusa.org\/wp-content\/uploads\/2021\/02\/social-network-addict-using-smartphone-outdoors-PWMKEUE.jpg 600w, https:\/\/www.franciscansusa.org\/wp-content\/uploads\/2021\/02\/social-network-addict-using-smartphone-outdoors-PWMKEUE-300x200.jpg 300w, https:\/\/www.franciscansusa.org\/wp-content\/uploads\/2021\/02\/social-network-addict-using-smartphone-outdoors-PWMKEUE-18x12.jpg 18w, https:\/\/www.franciscansusa.org\/wp-content\/uploads\/2021\/02\/social-network-addict-using-smartphone-outdoors-PWMKEUE-150x100.jpg 150w\" sizes=\"auto, (max-width: 600px) 100vw, 600px\" \/><\/div><\/div><div class=\"w-separator size_small\"><\/div><div class=\"wpb_text_column\" ><div class=\"wpb_wrapper\"><p style=\"text-align: center;\"><strong>COMPARTE EN LAS REDES SOCIALES<\/strong><\/p>\n<\/div><\/div><div class=\"w-socials us_custom_eb849559 color_brand shape_rounded style_colored hover_fade\"><div class=\"w-socials-list\" style=\"margin:-3px;\"><div class=\"w-socials-item facebook\" style=\"padding:3px;\"><a class=\"w-socials-item-link\" href=\"#\" target=\"_blank\" rel=\"noopener nofollow\" title=\"Facebook\" aria-label=\"Facebook\"><span class=\"w-socials-item-link-hover\"><\/span><i class=\"fab fa-facebook\"><\/i><\/a><div class=\"w-socials-item-popup\"><span>Facebook<\/span><\/div><\/div><div class=\"w-socials-item twitter\" style=\"padding:3px;\"><a class=\"w-socials-item-link\" href=\"#\" target=\"_blank\" rel=\"noopener nofollow\" title=\"Gorjeo\" aria-label=\"Gorjeo\"><span class=\"w-socials-item-link-hover\"><\/span><i class=\"fab fa-twitter\"><\/i><\/a><div class=\"w-socials-item-popup\"><span>Gorjeo<\/span><\/div><\/div><\/div><\/div><\/div><\/div><\/div><div class=\"vc_col-sm-4 wpb_column vc_column_container\"><div class=\"vc_column-inner\"><div class=\"wpb_wrapper\"><\/div><\/div><\/div><\/div><\/div><\/section><section class=\"l-section wpb_row us_custom_5cd26a65 height_medium\"><div class=\"l-section-h i-cf\"><div class=\"g-cols vc_row type_default valign_top\"><div class=\"vc_col-sm-12 wpb_column vc_column_container\"><div class=\"vc_column-inner\"><div class=\"wpb_wrapper\"><div class=\"wpb_text_column\" ><div class=\"wpb_wrapper\"><h2 style=\"text-align: center;\">Todas las formas de donar<\/h2>\n<h4 style=\"text-align: center;\"><span style=\"color: #333333;\">Hay muchas maneras de hacer una donaci\u00f3n monetaria.<br \/>\npara apoyar todas las necesidades de aquellos a quienes sirven los frailes.<\/span><\/h4>\n<\/div><\/div><div class=\"w-separator size_medium\"><\/div><div class=\"w-tabs layout_hor style_default switch_click icon_chevron iconpos_right title_atleft\"><div class=\"w-tabs-list hidden items_2\"><div class=\"w-tabs-list-h\"><a class=\"w-tabs-item active defined-active\" aria-controls=\"content-1614536394928-48b3d153-ec60\" href=\"javascript:void(0);\"><span class=\"w-tabs-item-title\">Donaciones individuales<\/span><\/a><a class=\"w-tabs-item\" aria-controls=\"content-1614536394943-1a43d4e3-4da6\" href=\"javascript:void(0);\"><span class=\"w-tabs-item-title\">Donaciones planificadas y donaciones importantes<\/span><\/a><\/div><\/div><div class=\"w-tabs-sections\"><div class=\"w-tabs-sections-h\"><div class=\"w-tabs-section active\" id=\"1614536394928-48b3d153-ec60\"><button aria-controls=\"content-1614536394928-48b3d153-ec60\" class=\"w-tabs-section-header active\"><div class=\"w-tabs-section-header-h\"><div class=\"w-tabs-section-title\">Donaciones individuales<\/div><div class=\"w-tabs-section-control\"><\/div><\/div><\/button><div class=\"w-tabs-section-content\" id=\"content-1614536394928-48b3d153-ec60\" aria-expanded=\"true\"><div class=\"w-tabs-section-content-h i-cf\"><div class=\"g-cols wpb_row  type_default valign_top vc_inner\"><div class=\"vc_col-sm-3 wpb_column vc_column_container\"><div class=\"vc_column-inner\"><div class=\"wpb_wrapper\"><div class=\"w-btn-wrapper width_auto align_center\"><a class=\"w-btn us-btn-style_3\" title=\"Para Donar\" href=\"https:\/\/www.franciscansusa.org\/es\/donate\/\"><span class=\"w-btn-label\">Donar en l\u00ednea<\/span><\/a><\/div><\/div><\/div><\/div><div class=\"vc_col-sm-3 wpb_column vc_column_container\"><div class=\"vc_column-inner\"><div class=\"wpb_wrapper\"><div class=\"w-popup align_center\"><div class=\"w-btn-wrapper\"><a class=\"w-popup-trigger type_btn w-btn us-btn-style_3\" href=\"javascript:void(0)\"><span class=\"w-btn-label\">Para donar por correo<\/span><\/a><\/div><div class=\"w-popup-overlay\" style=\"background:rgba(0,0,0,0.85);\"><\/div><div class=\"w-popup-wrap\"><div class=\"w-popup-box animation_fadeIn without_title\" style=\"width:600px;\"><div class=\"w-popup-box-h\"><div class=\"w-popup-box-content\" style=\"padding:5%;background:var(--color-content-bg);color:var(--color-content-text);\"><div class=\"w-iconbox-text\">\n<div class=\"description-text text\">\n<h4>Para donar por correo<\/h4>\n<p class=\"translation-block\">Para donar mediante cheque o a una causa espec\u00edfica, complete este formulario de donaci\u00f3n imprimi\u00e9ndolo y envi\u00e1ndolo por correo a:<\/p>\n<p><strong>Province of Our Lady of Consolation<\/strong><br \/>\n<strong>Mission Advancement Office:<\/strong><br \/>\n103 St. Francis Blvd.<br \/>\nMount St. Francis, Indiana 47146-9000<\/p>\n<p><a href=\"https:\/\/www.franciscansusa.org\/es\/franciscansusa.org\/make-a-gift\/\">Imprimir formulario de donaci\u00f3n<\/a><\/p>\n<\/div>\n<\/div>\n<\/div><\/div><\/div><div class=\"w-popup-closer\" style=\"background:var(--color-content-bg);color:var(--color-content-text);\"><\/div><\/div><\/div><\/div><\/div><\/div><div class=\"vc_col-sm-3 wpb_column vc_column_container\"><div class=\"vc_column-inner\"><div class=\"wpb_wrapper\"><div class=\"w-btn-wrapper width_auto align_center\"><a class=\"w-btn us-btn-style_3\" title=\"Para Donar\" href=\"https:\/\/www.franciscansusa.org\/es\/monthly-gifts\/\"><span class=\"w-btn-label\">Donaciones Mensuales<\/span><\/a><\/div><\/div><\/div><\/div><div class=\"vc_col-sm-3 wpb_column vc_column_container\"><div class=\"vc_column-inner\"><div class=\"wpb_wrapper\"><div class=\"w-btn-wrapper width_auto align_center\"><a class=\"w-btn us-btn-style_3\" title=\"Para Donar\" href=\"https:\/\/www.franciscansusa.org\/es\/make-a-pledge\/\"><span class=\"w-btn-label\">Hacer una promesa<\/span><\/a><\/div><\/div><\/div><\/div><\/div><div class=\"w-separator size_medium\"><\/div><\/div><\/div><\/div><div class=\"w-tabs-section\" id=\"1614536394943-1a43d4e3-4da6\"><button aria-controls=\"content-1614536394943-1a43d4e3-4da6\" class=\"w-tabs-section-header\"><div class=\"w-tabs-section-header-h\"><div class=\"w-tabs-section-title\">Donaciones planificadas y donaciones importantes<\/div><div class=\"w-tabs-section-control\"><\/div><\/div><\/button><div class=\"w-tabs-section-content\" id=\"content-1614536394943-1a43d4e3-4da6\" aria-expanded=\"false\"><div class=\"w-tabs-section-content-h i-cf\"><div class=\"g-cols wpb_row  type_default valign_top vc_inner\"><div class=\"vc_col-sm-3 wpb_column vc_column_container\"><div class=\"vc_column-inner\"><div class=\"wpb_wrapper\"><div class=\"w-btn-wrapper width_auto align_center\"><a class=\"w-btn us-btn-style_3\" title=\"Testamentos y legados\" href=\"https:\/\/www.franciscansusa.org\/es\/wills-bequests\/\"><span class=\"w-btn-label\">Acu\u00e9rdate de los frailes en tu testamento<\/span><\/a><\/div><\/div><\/div><\/div><div class=\"vc_col-sm-3 wpb_column vc_column_container\"><div class=\"vc_column-inner\"><div class=\"wpb_wrapper\"><div class=\"w-btn-wrapper width_auto align_center\"><a class=\"w-btn us-btn-style_3\" title=\"Distribuciones ben\u00e9ficas calificadas: IRA\/401K y DAF\" href=\"https:\/\/www.franciscansusa.org\/es\/qualified-charitable-distributions-ira-and-401k\/\"><span class=\"w-btn-label\">Haga una distribuci\u00f3n ben\u00e9fica calificada de su IRA<\/span><\/a><\/div><\/div><\/div><\/div><div class=\"vc_col-sm-3 wpb_column vc_column_container\"><div class=\"vc_column-inner\"><div class=\"wpb_wrapper\"><div class=\"w-btn-wrapper width_auto align_center\"><a class=\"w-btn us-btn-style_3\" title=\"Acciones y otros activos apreciados\" href=\"https:\/\/www.franciscansusa.org\/es\/stocks-and-other-appreciated-assets\/\"><span class=\"w-btn-label\">Donar Acciones y Fondos Mutuos<\/span><\/a><\/div><\/div><\/div><\/div><div class=\"vc_col-sm-3 wpb_column vc_column_container\"><div class=\"vc_column-inner\"><div class=\"wpb_wrapper\"><div class=\"w-btn-wrapper width_auto align_center\"><a class=\"w-btn us-btn-style_3\" title=\"sociedades solidarias\" href=\"https:\/\/www.franciscansusa.org\/es\/giving-societies\/\"><span class=\"w-btn-label\">\u00danase a una sociedad generosa<\/span><\/a><\/div><\/div><\/div><\/div><div class=\"vc_col-sm-12 wpb_column vc_column_container\"><div class=\"vc_column-inner\"><div class=\"wpb_wrapper\"><div class=\"w-separator size_small\"><\/div><\/div><\/div><\/div><\/div><div class=\"g-cols wpb_row  type_default valign_top vc_inner\"><div class=\"vc_col-sm-3 wpb_column vc_column_container\"><div class=\"vc_column-inner\"><div class=\"wpb_wrapper\"><div class=\"w-btn-wrapper width_auto align_center\"><a class=\"w-btn us-btn-style_3\" title=\"Donaciones planificadas\" href=\"https:\/\/www.franciscansusa.org\/es\/planned-giving\/\"><span class=\"w-btn-label\">Hacer otros obsequios heredados<\/span><\/a><\/div><\/div><\/div><\/div><div class=\"vc_col-sm-3 wpb_column vc_column_container\"><div class=\"vc_column-inner\"><div class=\"wpb_wrapper\"><\/div><\/div><\/div><div class=\"vc_col-sm-3 wpb_column vc_column_container\"><div class=\"vc_column-inner\"><div class=\"wpb_wrapper\"><\/div><\/div><\/div><div class=\"vc_col-sm-3 wpb_column vc_column_container\"><div class=\"vc_column-inner\"><div class=\"wpb_wrapper\"><\/div><\/div><\/div><\/div><\/div><\/div><\/div><\/div><\/div><\/div><\/div><\/div><\/div><\/div><\/div><\/section>\n<\/div>","protected":false},"excerpt":{"rendered":"Da Recuerda que cuando dejes esta tierra, no podr\u00e1s llevarte nada de lo que hayas recibido, s\u00f3lo lo que hayas dado. -Calle. Francisco de As\u00eds Desde la \u00e9poca de San Francisco y sus primeros seguidores, nuestros ministerios, nuestra capacidad de servir a los necesitados, la educaci\u00f3n de los nuevos frailes, el cuidado de nuestros...","protected":false},"author":1,"featured_media":0,"parent":0,"menu_order":0,"comment_status":"closed","ping_status":"closed","template":"","meta":{"om_disable_all_campaigns":false,"_monsterinsights_skip_tracking":false,"_monsterinsights_sitenote_active":false,"_monsterinsights_sitenote_note":"","_monsterinsights_sitenote_category":0,"_uf_show_specific_survey":0,"_uf_disable_surveys":false,"footnotes":""},"class_list":["post-9181","page","type-page","status-publish","hentry"],"aioseo_notices":[],"publishpress_future_action":{"enabled":false,"date":"2026-04-22 17:36:32","action":"change-status","newStatus":"draft","terms":[],"taxonomy":"","extraData":[]},"publishpress_future_workflow_manual_trigger":{"enabledWorkflows":[]},"_links":{"self":[{"href":"https:\/\/www.franciscansusa.org\/es\/wp-json\/wp\/v2\/pages\/9181","targetHints":{"allow":["GET"]}}],"collection":[{"href":"https:\/\/www.franciscansusa.org\/es\/wp-json\/wp\/v2\/pages"}],"about":[{"href":"https:\/\/www.franciscansusa.org\/es\/wp-json\/wp\/v2\/types\/page"}],"author":[{"embeddable":true,"href":"https:\/\/www.franciscansusa.org\/es\/wp-json\/wp\/v2\/users\/1"}],"replies":[{"embeddable":true,"href":"https:\/\/www.franciscansusa.org\/es\/wp-json\/wp\/v2\/comments?post=9181"}],"version-history":[{"count":60,"href":"https:\/\/www.franciscansusa.org\/es\/wp-json\/wp\/v2\/pages\/9181\/revisions"}],"predecessor-version":[{"id":19452,"href":"https:\/\/www.franciscansusa.org\/es\/wp-json\/wp\/v2\/pages\/9181\/revisions\/19452"}],"wp:attachment":[{"href":"https:\/\/www.franciscansusa.org\/es\/wp-json\/wp\/v2\/media?parent=9181"}],"curies":[{"name":"gracias","href":"https:\/\/api.w.org\/{rel}","templated":true}]}}