{"id":9183,"date":"2021-01-25T18:46:07","date_gmt":"2021-01-25T18:46:07","guid":{"rendered":"http:\/\/www.franciscansusa.dev\/franciscansusa.org\/?page_id=9183"},"modified":"2024-07-30T10:13:29","modified_gmt":"2024-07-30T14:13:29","slug":"make-a-gift","status":"publish","type":"page","link":"https:\/\/www.franciscansusa.org\/es\/make-a-gift\/","title":{"rendered":"Haz un regalo"},"content":{"rendered":"<div class=\"wpb-content-wrapper\"><section class=\"l-section wpb_row height_huge with_img with_overlay\"><div class=\"l-section-img\" style=\"background-image: url(https:\/\/www.franciscansusa.org\/wp-content\/uploads\/2020\/01\/MSF-statue.jpg);\" data-img-width=\"864\" data-img-height=\"625\"><\/div><div class=\"l-section-overlay\" style=\"background: rgba(0,0,0,0.6)\"><\/div><div class=\"l-section-h i-cf\"><div class=\"g-cols vc_row type_default valign_top\"><div class=\"vc_col-sm-12 wpb_column vc_column_container\"><div class=\"vc_column-inner\"><div class=\"wpb_wrapper\"><div class=\"wpb_text_column\" ><div class=\"wpb_wrapper\"><h2><span style=\"color: #ffffff;\"><strong>Haz un regalo<\/strong><\/span><\/h2>\n<\/div><\/div><\/div><\/div><\/div><\/div><\/div><\/section><section class=\"l-section wpb_row height_medium\"><div class=\"l-section-h i-cf\"><div class=\"g-cols vc_row type_default valign_top\"><div class=\"vc_col-sm-6 wpb_column vc_column_container\"><div class=\"vc_column-inner\"><div class=\"wpb_wrapper\"><div class=\"w-separator size_medium\"><\/div>\n\t<div class=\"wpb_raw_code wpb_raw_html wpb_content_element us_custom_909b2fd0\" >\n\t\t<div class=\"wpb_wrapper\">\n\t\t\t<div class=\"qgiv-embed-container\" data-qgiv-embed=\"true\" data-embed-id=\"60420\" data-embed=\"https:\/\/secure.qgiv.com\/for\/wdp2\/embed\/60420\/\" data-width=\"800\"><\/div>\n<script>(function(w, d, s, id){var js, fjs = d.getElementsByTagName(s)[0];if (d.getElementById(id)) return;js = d.createElement(s); js.id = id;js.src = \"https:\/\/secure.qgiv.com\/resources\/core\/js\/embed.js\";fjs.parentNode.insertBefore(js, fjs);})(window, document, 'script', 'qgiv-embedjs');<\/script>\n\t\t<\/div>\n\t<\/div>\n<\/div><\/div><\/div><div class=\"vc_col-sm-6 wpb_column vc_column_container\"><div class=\"vc_column-inner\"><div class=\"wpb_wrapper\"><div class=\"w-image align_center\"><div class=\"w-image-h\"><img loading=\"lazy\" decoding=\"async\" width=\"512\" height=\"1024\" src=\"https:\/\/www.franciscansusa.org\/wp-content\/uploads\/2020\/01\/donate-512x1024.png\" class=\"attachment-large size-large\" alt=\"\" srcset=\"https:\/\/www.franciscansusa.org\/wp-content\/uploads\/2020\/01\/donate-512x1024.png 512w, https:\/\/www.franciscansusa.org\/wp-content\/uploads\/2020\/01\/donate-6x12.png 6w, https:\/\/www.franciscansusa.org\/wp-content\/uploads\/2020\/01\/donate-75x150.png 75w, https:\/\/www.franciscansusa.org\/wp-content\/uploads\/2020\/01\/donate-200x400.png 200w, https:\/\/www.franciscansusa.org\/wp-content\/uploads\/2020\/01\/donate-300x600.png 300w, https:\/\/www.franciscansusa.org\/wp-content\/uploads\/2020\/01\/donate-150x300.png 150w, https:\/\/www.franciscansusa.org\/wp-content\/uploads\/2020\/01\/donate.png 700w\" sizes=\"auto, (max-width: 512px) 100vw, 512px\" \/><\/div><\/div><\/div><\/div><\/div><\/div><\/div><\/section><section class=\"l-section wpb_row us_custom_5cd26a65 height_medium\"><div class=\"l-section-h i-cf\"><div class=\"g-cols vc_row type_default valign_top gap-15px\"><style>.g-cols.gap-15px{margin:0 calc(-1.5rem - 15px)}.gap-15px > .vc_column_container {padding:15px}<\/style><div class=\"vc_col-sm-4 wpb_column vc_column_container has-fill\"><div class=\"vc_column-inner us_custom_4fa36bd4\"><div class=\"wpb_wrapper\"><div class=\"w-iconbox iconpos_left style_default color_custom align_left\"><div class=\"w-iconbox-icon\" style=\"color:var(--color-header-middle-text-hover);\"><i class=\"fas fa-envelope\"><\/i><\/div><div class=\"w-iconbox-meta\"><h4 class=\"w-iconbox-title\">Donar por correo<\/h4><div class=\"w-iconbox-text\"><div class=\"description-text text\">\n<p class=\"translation-block\">Para donar mediante cheque o a una causa espec\u00edfica, complete este formulario de donaci\u00f3n imprimi\u00e9ndolo y envi\u00e1ndolo por correo a:<\/p>\n<p><strong>Province of Our Lady of Consolation<\/strong><br \/>\n<strong>Mission Advancement Office:<\/strong><br \/>\n103 St. Francis Blvd.<br \/>\nMount St. Francis, Indiana 47146-9000<\/p>\n<p><a href=\"#\">Imprimir formulario de donaci\u00f3n<\/a><\/p>\n<\/div>\n<\/div><\/div><\/div><\/div><\/div><\/div><div class=\"vc_col-sm-4 wpb_column vc_column_container has-fill\"><div class=\"vc_column-inner us_custom_4fa36bd4\"><div class=\"wpb_wrapper\"><div class=\"w-iconbox iconpos_left style_default color_custom align_left\"><div class=\"w-iconbox-icon\" style=\"color:var(--color-header-middle-text-hover);\"><i class=\"fas fa-phone\"><\/i><\/div><div class=\"w-iconbox-meta\"><h4 class=\"w-iconbox-title\">Donar por Tel\u00e9fono<\/h4><div class=\"w-iconbox-text\"><div class=\"description-text text\">\n<p>Para donar por tel\u00e9fono o para obtener ayuda con su donaci\u00f3n, cont\u00e1ctenos en:<\/p>\n<h5 style=\"text-align: center;\">1-812-923-5250<\/h5>\n<p>&nbsp;<\/p>\n<\/div>\n<\/div><\/div><\/div><\/div><\/div><\/div><div class=\"vc_col-sm-4 wpb_column vc_column_container has-fill\"><div class=\"vc_column-inner us_custom_4fa36bd4\"><div class=\"wpb_wrapper\"><div class=\"w-iconbox iconpos_left style_default color_custom align_left\"><div class=\"w-iconbox-icon\" style=\"color:var(--color-header-middle-text-hover);\"><i class=\"fas fa-dollar-sign\"><\/i><\/div><div class=\"w-iconbox-meta\"><h4 class=\"w-iconbox-title\">Informaci\u00f3n sobre los impuestos<\/h4><div class=\"w-iconbox-text\"><div class=\"description-text text\">\n<p>La Provincia de Nuestra Se\u00f1ora de la Consolaci\u00f3n est\u00e1 registrada como una organizaci\u00f3n sin fines de lucro 501(c)(3). Las contribuciones a la Provincia de Nuestra Se\u00f1ora de la Consolaci\u00f3n son deducibles de impuestos en la medida permitida por la ley. El n\u00famero de identificaci\u00f3n fiscal de la Provincia de Nuestra Se\u00f1ora de la Consolaci\u00f3n es <span class=\"TextRun SCXW32385878 BCX0\" lang=\"EN-US\" xml:lang=\"EN-US\" data-contrast=\"auto\"><span class=\"NormalTextRun SCXW32385878 BCX0\">35-6019627<\/span><\/span>.<\/p>\n<\/div>\n<\/div><\/div><\/div><\/div><\/div><\/div><\/div><\/div><\/section>\n<\/div>","protected":false},"excerpt":{"rendered":"Haga una donaci\u00f3n Done por correo Para donar mediante cheque o a una causa espec\u00edfica, complete este formulario de donaci\u00f3n imprimi\u00e9ndolo y envi\u00e1ndolo por correo a: Provincia de Nuestra Se\u00f1ora de la Consolaci\u00f3n Oficina de Avance de la Misi\u00f3n: 103 St. Francis Blvd. Mount St. Francis, Indiana 47146-9000 Imprimir formulario de donaci\u00f3n Donar por tel\u00e9fono Para donar por tel\u00e9fono o para obtener ayuda...","protected":false},"author":1,"featured_media":0,"parent":0,"menu_order":0,"comment_status":"closed","ping_status":"closed","template":"","meta":{"om_disable_all_campaigns":false,"_monsterinsights_skip_tracking":false,"_monsterinsights_sitenote_active":false,"_monsterinsights_sitenote_note":"","_monsterinsights_sitenote_category":0,"_uf_show_specific_survey":0,"_uf_disable_surveys":false,"footnotes":""},"class_list":["post-9183","page","type-page","status-publish","hentry"],"aioseo_notices":[],"publishpress_future_action":{"enabled":false,"date":"2026-04-25 05:58:12","action":"change-status","newStatus":"draft","terms":[],"taxonomy":"","extraData":[]},"publishpress_future_workflow_manual_trigger":{"enabledWorkflows":[]},"_links":{"self":[{"href":"https:\/\/www.franciscansusa.org\/es\/wp-json\/wp\/v2\/pages\/9183","targetHints":{"allow":["GET"]}}],"collection":[{"href":"https:\/\/www.franciscansusa.org\/es\/wp-json\/wp\/v2\/pages"}],"about":[{"href":"https:\/\/www.franciscansusa.org\/es\/wp-json\/wp\/v2\/types\/page"}],"author":[{"embeddable":true,"href":"https:\/\/www.franciscansusa.org\/es\/wp-json\/wp\/v2\/users\/1"}],"replies":[{"embeddable":true,"href":"https:\/\/www.franciscansusa.org\/es\/wp-json\/wp\/v2\/comments?post=9183"}],"version-history":[{"count":72,"href":"https:\/\/www.franciscansusa.org\/es\/wp-json\/wp\/v2\/pages\/9183\/revisions"}],"predecessor-version":[{"id":19448,"href":"https:\/\/www.franciscansusa.org\/es\/wp-json\/wp\/v2\/pages\/9183\/revisions\/19448"}],"wp:attachment":[{"href":"https:\/\/www.franciscansusa.org\/es\/wp-json\/wp\/v2\/media?parent=9183"}],"curies":[{"name":"gracias","href":"https:\/\/api.w.org\/{rel}","templated":true}]}}