{"id":9223,"date":"2021-01-25T23:53:54","date_gmt":"2021-01-25T23:53:54","guid":{"rendered":"http:\/\/www.franciscansusa.dev\/franciscansusa.org\/?page_id=9223"},"modified":"2021-04-13T02:02:12","modified_gmt":"2021-04-13T02:02:12","slug":"support-the-friars-when-you-shop","status":"publish","type":"page","link":"https:\/\/www.franciscansusa.org\/es\/support-the-friars-when-you-shop\/","title":{"rendered":"Apoye a los frailes cuando compre en Amazon"},"content":{"rendered":"<div class=\"wpb-content-wrapper\"><section class=\"l-section wpb_row height_huge with_img with_overlay\"><div class=\"l-section-img\" style=\"background-image: url(https:\/\/www.franciscansusa.org\/wp-content\/uploads\/2020\/02\/Screenshot-2020-02-05-08.23.22.png);\" data-img-width=\"1850\" data-img-height=\"1348\"><\/div><div class=\"l-section-overlay\" style=\"background: rgba(0,0,0,0.6)\"><\/div><div class=\"l-section-h i-cf\"><div class=\"g-cols vc_row type_default valign_top\"><div class=\"vc_col-sm-12 wpb_column vc_column_container\"><div class=\"vc_column-inner\"><div class=\"wpb_wrapper\"><div class=\"wpb_text_column\" ><div class=\"wpb_wrapper\"><h2><span style=\"color: #ffffff;\"><strong>Apoye a los frailes cuando compre en Amazon<\/strong><\/span><\/h2>\n<\/div><\/div><\/div><\/div><\/div><\/div><\/div><\/section><section class=\"l-section wpb_row height_medium\"><div class=\"l-section-h i-cf\"><div class=\"g-cols vc_row type_default valign_top\"><div class=\"vc_col-sm-8 wpb_column vc_column_container\"><div class=\"vc_column-inner\"><div class=\"wpb_wrapper\"><div class=\"wpb_text_column\" ><div class=\"wpb_wrapper\"><h4>\u00a1Compre en AmazonSmile y Amazon donar\u00e1 a los frailes!<\/h4>\n<p>\u00bfEres un comprador de Amazon? \u00bfSab\u00eda que cuando compra usando AmazonSmile, la compa\u00f1\u00eda donar\u00e1 el medio por ciento de cada compra a la organizaci\u00f3n ben\u00e9fica que elija? Ahora que lo sabes, \u00bfpor qu\u00e9 no elegir el que ayude a quienes m\u00e1s lo necesitan en todo el mundo?<\/p>\n<p>AmazonSmile es una forma simple y autom\u00e1tica de apoyar a los frailes cada vez que compra, y no le cuesta nada. Es una donaci\u00f3n hecha por Amazon en tu honor. Solo tiene que seleccionarnos en smile.Amazon.com y usar smile.Amazon.com en lugar de Amazon.com cada vez que compre.<\/p>\n<p>En smile.Amazon.com, encontrar\u00e1 exactamente los mismos precios bajos, una amplia selecci\u00f3n y una experiencia de compra conveniente que en Amazon.com, con la ventaja adicional de que Amazon donar\u00e1 una parte del precio de compra al trabajo que hacemos.<\/p>\n<h4>Aqu\u00ed le mostramos c\u00f3mo comenzar:<\/h4>\n<ol>\n<li>Visita <a href=\"https:\/\/smile.amazon.com\/ref=smi_ext_ch_35-6019627_dl?_encoding=UTF8&amp;ein=35-6019627&amp;ref_=smi_chpf_redirect&amp;ref_=smi_ext_ch_35-6019627_cl\">sonrisa.amazon.com<\/a>. Es como comprar en el sitio normal.<\/li>\n<li>Inicie sesi\u00f3n. Puede utilizar sus credenciales de Amazon existentes. Si no tienes una cuenta, puedes crear una nueva.<\/li>\n<li>Empieza a comprar. Una vez que nos haya elegido como su organizaci\u00f3n ben\u00e9fica (StandUp for Kids, con sede en Atlanta, GA), su experiencia de compra ser\u00e1 la misma que en el sitio web de Amazon. Recuerde, las compras en el sitio principal de Amazon.com no son compatibles con nosotros, as\u00ed que marque como favorito <a href=\"https:\/\/smile.amazon.com\/ref=smi_ext_ch_35-6019627_dl?_encoding=UTF8&amp;ein=35-6019627&amp;ref_=smi_chpf_redirect&amp;ref_=smi_ext_ch_35-6019627_cl\">sonrisa.Amazon.com<\/a> para el futuro.<\/li>\n<li>Difundir la palabra. Una vez que haya realizado el pago, Amazon facilita la difusi\u00f3n de las noticias a sus amigos a trav\u00e9s de Facebook y Twitter. Aseg\u00farese de que todos sepan que ha apoyado a StandUp for Kids.<\/li>\n<\/ol>\n<p><a href=\"https:\/\/smile.amazon.com\/ref=smi_ext_ch_35-6019627_dl?_encoding=UTF8&amp;ein=35-6019627&amp;ref_=smi_chpf_redirect&amp;ref_=smi_ext_ch_35-6019627_cl\">haga clic aqu\u00ed<\/a> para registrarse y empezar a comprar!<\/p>\n<\/div><\/div><\/div><\/div><\/div><div class=\"vc_col-sm-4 wpb_column vc_column_container\"><div class=\"vc_column-inner\"><div class=\"wpb_wrapper\"><div class=\"w-image align_center\"><a target=\"_blank\" href=\"https:\/\/smile.amazon.com\/ref=smi_ext_ch_35-6019627_dl?_encoding=UTF8&amp;ein=35-6019627&amp;ref_=smi_chpf_redirect&amp;ref_=smi_ext_ch_35-6019627_cl\" rel=\"noopener\" aria-label=\"Rodear a\" class=\"w-image-h\"><img loading=\"lazy\" decoding=\"async\" width=\"956\" height=\"490\" src=\"https:\/\/www.franciscansusa.org\/wp-content\/uploads\/2021\/04\/amazon-smile-logo.png\" class=\"attachment-large size-large\" alt=\"\" srcset=\"https:\/\/www.franciscansusa.org\/wp-content\/uploads\/2021\/04\/amazon-smile-logo.png 956w, https:\/\/www.franciscansusa.org\/wp-content\/uploads\/2021\/04\/amazon-smile-logo-300x154.png 300w, https:\/\/www.franciscansusa.org\/wp-content\/uploads\/2021\/04\/amazon-smile-logo-18x9.png 18w, https:\/\/www.franciscansusa.org\/wp-content\/uploads\/2021\/04\/amazon-smile-logo-150x77.png 150w, https:\/\/www.franciscansusa.org\/wp-content\/uploads\/2021\/04\/amazon-smile-logo-600x308.png 600w\" sizes=\"auto, (max-width: 956px) 100vw, 956px\" \/><\/a><\/div><div class=\"w-btn-wrapper width_auto align_left\"><a class=\"w-btn us-btn-style_27\" target=\"_blank\" href=\"https:\/\/smile.amazon.com\/ref=smi_ext_ch_35-6019627_dl?_encoding=UTF8&amp;ein=35-6019627&amp;ref_=smi_chpf_redirect&amp;ref_=smi_ext_ch_35-6019627_cl\" rel=\"noopener\"><span class=\"w-btn-label\">Apoya a los frailes cuando compras en Amazon<\/span><\/a><\/div><\/div><\/div><\/div><\/div><\/div><\/section>\n<\/div>","protected":false},"excerpt":{"rendered":"Apoye a los frailes cuando compre en Amazon Compre en Amazon \u00a1Smile y Amazon donar\u00e1 a los frailes! \u00bfEs usted un comprador de Amazon? \u00bfSab\u00edas que cuando compras a trav\u00e9s de AmazonSmile, la empresa donar\u00e1 el medio por ciento de cada compra a la organizaci\u00f3n ben\u00e9fica que elijas? Ahora que lo sabes, \u00bfpor qu\u00e9 no elegir el...?","protected":false},"author":1,"featured_media":0,"parent":0,"menu_order":0,"comment_status":"closed","ping_status":"closed","template":"","meta":{"om_disable_all_campaigns":false,"_monsterinsights_skip_tracking":false,"_monsterinsights_sitenote_active":false,"_monsterinsights_sitenote_note":"","_monsterinsights_sitenote_category":0,"_uf_show_specific_survey":0,"_uf_disable_surveys":false,"footnotes":""},"class_list":["post-9223","page","type-page","status-publish","hentry"],"aioseo_notices":[],"publishpress_future_action":{"enabled":false,"date":"2026-04-22 15:31:48","action":"change-status","newStatus":"draft","terms":[],"taxonomy":"","extraData":[]},"publishpress_future_workflow_manual_trigger":{"enabledWorkflows":[]},"_links":{"self":[{"href":"https:\/\/www.franciscansusa.org\/es\/wp-json\/wp\/v2\/pages\/9223","targetHints":{"allow":["GET"]}}],"collection":[{"href":"https:\/\/www.franciscansusa.org\/es\/wp-json\/wp\/v2\/pages"}],"about":[{"href":"https:\/\/www.franciscansusa.org\/es\/wp-json\/wp\/v2\/types\/page"}],"author":[{"embeddable":true,"href":"https:\/\/www.franciscansusa.org\/es\/wp-json\/wp\/v2\/users\/1"}],"replies":[{"embeddable":true,"href":"https:\/\/www.franciscansusa.org\/es\/wp-json\/wp\/v2\/comments?post=9223"}],"version-history":[{"count":11,"href":"https:\/\/www.franciscansusa.org\/es\/wp-json\/wp\/v2\/pages\/9223\/revisions"}],"predecessor-version":[{"id":11771,"href":"https:\/\/www.franciscansusa.org\/es\/wp-json\/wp\/v2\/pages\/9223\/revisions\/11771"}],"wp:attachment":[{"href":"https:\/\/www.franciscansusa.org\/es\/wp-json\/wp\/v2\/media?parent=9223"}],"curies":[{"name":"gracias","href":"https:\/\/api.w.org\/{rel}","templated":true}]}}