{"id":9256,"date":"2021-01-26T02:29:05","date_gmt":"2021-01-26T02:29:05","guid":{"rendered":"http:\/\/www.franciscansusa.dev\/franciscansusa.org\/?page_id=9256"},"modified":"2021-12-16T20:28:17","modified_gmt":"2021-12-16T20:28:17","slug":"monthly-gifts","status":"publish","type":"page","link":"https:\/\/www.franciscansusa.org\/es\/monthly-gifts\/","title":{"rendered":"Regalos Mensuales"},"content":{"rendered":"<div class=\"wpb-content-wrapper\"><section class=\"l-section wpb_row height_medium\"><div class=\"l-section-h i-cf\"><div class=\"g-cols vc_row type_default valign_top\"><div class=\"vc_col-sm-12 wpb_column vc_column_container\"><div class=\"vc_column-inner\"><div class=\"wpb_wrapper\"><div class=\"wpb_text_column\" ><div class=\"wpb_wrapper\"><h2 class=\"section-header-title center\" style=\"text-align: center;\" data-aa-temporary-homepage-section-title=\"temp home page section title not set\">Por qu\u00e9 hacer una donaci\u00f3n mensual es una excelente opci\u00f3n:<\/h2>\n<\/div><\/div><\/div><\/div><\/div><\/div><\/div><\/section><section class=\"l-section wpb_row us_custom_5cd26a65 height_medium\"><div class=\"l-section-h i-cf\"><div class=\"g-cols vc_row type_default valign_top\"><div class=\"vc_col-sm-6 wpb_column vc_column_container\"><div class=\"vc_column-inner\"><div class=\"wpb_wrapper\"><div class=\"w-iconbox iconpos_left style_default color_primary align_left no_title\"><div class=\"w-iconbox-icon\"><i class=\"fas fa-check\"><\/i><\/div><div class=\"w-iconbox-meta\"><div class=\"w-iconbox-text\"><p><b>La forma m\u00e1s efectiva de marcar la diferencia.<\/b><br \/>\nEl apoyo continuo de los donantes mensuales ayuda a garantizar que los frailes tengan recursos para estar all\u00ed para aquellos en los m\u00e1rgenes.<\/p>\n<\/div><\/div><\/div><\/div><\/div><\/div><div class=\"vc_col-sm-6 wpb_column vc_column_container\"><div class=\"vc_column-inner\"><div class=\"wpb_wrapper\"><div class=\"w-iconbox iconpos_left style_default color_primary align_left no_title\"><div class=\"w-iconbox-icon\"><i class=\"fas fa-check\"><\/i><\/div><div class=\"w-iconbox-meta\"><div class=\"w-iconbox-text\"><p><b>Menos estr\u00e9s en diciembre<\/b><br \/>\nAl establecer su donaci\u00f3n mensual hoy, puede relajarse en diciembre sabiendo que su plan de donaci\u00f3n deducible de impuestos ya est\u00e1 vigente para fin de a\u00f1o.<\/p>\n<\/div><\/div><\/div><\/div><\/div><\/div><\/div><\/div><\/section><section class=\"l-section wpb_row us_custom_5cd26a65 height_medium\"><div class=\"l-section-h i-cf\"><div class=\"g-cols vc_row type_default valign_top\"><div class=\"vc_col-sm-6 wpb_column vc_column_container\"><div class=\"vc_column-inner\"><div class=\"wpb_wrapper\"><div class=\"w-iconbox iconpos_left style_default color_primary align_left no_title\"><div class=\"w-iconbox-icon\"><i class=\"fas fa-check\"><\/i><\/div><div class=\"w-iconbox-meta\"><div class=\"w-iconbox-text\"><p><b>La forma m\u00e1s f\u00e1cil y c\u00f3moda de dar.<\/b><br \/>\nHaga una donaci\u00f3n mensual hoy y sepa que su donaci\u00f3n ben\u00e9fica est\u00e1 vigente durante todo el a\u00f1o por venir, no se requiere ninguna otra acci\u00f3n.<\/p>\n<\/div><\/div><\/div><\/div><\/div><\/div><div class=\"vc_col-sm-6 wpb_column vc_column_container\"><div class=\"vc_column-inner\"><div class=\"wpb_wrapper\"><div class=\"w-iconbox iconpos_left style_default color_primary align_left no_title\"><div class=\"w-iconbox-icon\"><i class=\"fas fa-check\"><\/i><\/div><div class=\"w-iconbox-meta\"><div class=\"w-iconbox-text\"><p><b>Usted puede cancelar en cualquier momento.<\/b><br \/>\nSi su situaci\u00f3n cambia por alg\u00fan motivo, siempre puede cambiar o cancelar su regalo con una simple llamada telef\u00f3nica.<\/p>\n<\/div><\/div><\/div><\/div><\/div><\/div><div class=\"vc_col-sm-12 wpb_column vc_column_container\"><div class=\"vc_column-inner\"><div class=\"wpb_wrapper\"><div class=\"w-separator size_medium\"><\/div><div class=\"w-btn-wrapper width_auto align_center\"><a class=\"w-btn us-btn-style_1\" href=\"https:\/\/www.franciscansusa.org\/es\/become-a-monthly-supporter\/\"><span class=\"w-btn-label\">Convi\u00e9rtase en un seguidor mensual<\/span><\/a><\/div><\/div><\/div><\/div><\/div><\/div><\/section><section class=\"l-section wpb_row us_custom_8535c5f4 height_medium\"><div class=\"l-section-h i-cf\"><div class=\"g-cols vc_row type_default valign_top\"><div class=\"vc_col-sm-12 wpb_column vc_column_container\"><div class=\"vc_column-inner\"><div class=\"wpb_wrapper\"><div class=\"wpb_text_column\" ><div class=\"wpb_wrapper\"><div class=\"section-control parbase\">\n<div class=\"section-control-container column-container background-white top-padding-forty medium jump-link-target gutter-twenty\" data-jump-link-analytics=\"jump link not set\" data-region-type=\"include\" data-subsource-type=\"include\">\n<div class=\"box-shadow-container\">\n<div class=\"container-fluid main-content\">\n<div class=\"row justify-content-center\">\n<div class=\"col-md-10 offset-md-1\">\n<div class=\"row\">\n<div class=\"par-100 col-12 section-par one-col-100 par-1\">\n<div class=\"section_header image parbase\">\n<div class=\"section-header-container\">\n<div class=\"section-header-description\">\n<h2 class=\"section-header-title center\" style=\"text-align: center;\" data-aa-temporary-homepage-section-title=\"temp home page section title not set\">Continuamos comprometidos con las comunidades para marcar la diferencia para aquellos que m\u00e1s lo necesitan.<\/h2>\n<div class=\"section-header-subtitle center\">La injusticia, la pobreza, el hambre. Dondequiera que haya comunidades, viven personas dentro de esas comunidades que necesitan nuestra ayuda. A continuaci\u00f3n se muestran algunas formas en que sus donaciones ayudan a las comunidades. \u00danase a nosotros para extender una mano, viendo su belleza.<\/div>\n<\/div>\n<\/div>\n<\/div>\n<\/div>\n<\/div>\n<\/div>\n<\/div>\n<\/div>\n<\/div>\n<\/div>\n<\/div>\n<\/div><\/div><\/div><\/div><\/div><\/div><\/div><\/section><section class=\"l-section wpb_row us_custom_5cd26a65 height_medium\"><div class=\"l-section-h i-cf\"><div class=\"g-cols vc_row type_default valign_top gap-15pt\"><style>.g-cols.gap-15pt{margin:0 calc(-1.5rem - 15pt)}.gap-15pt > .vc_column_container {padding:15pt}<\/style><div class=\"vc_col-sm-3 wpb_column vc_column_container has-fill\"><div class=\"vc_column-inner us_custom_f63afa01\"><div class=\"wpb_wrapper\"><div class=\"w-image align_center\"><div class=\"w-image-h\"><img loading=\"lazy\" decoding=\"async\" width=\"600\" height=\"400\" src=\"https:\/\/www.franciscansusa.org\/wp-content\/uploads\/2020\/06\/Screenshot-2020-06-26-21.59.41-600x400.png\" class=\"attachment-us_600_400_crop size-us_600_400_crop\" alt=\"\" \/><\/div><\/div><div class=\"w-separator size_small\"><\/div><div class=\"wpb_text_column us_custom_c5f1dccd\" ><div class=\"wpb_wrapper\"><p>Proporcione comidas calientes y refrigerios a los necesitados en los refugios para personas sin hogar.<\/p>\n<\/div><\/div><\/div><\/div><\/div><div class=\"vc_col-sm-3 wpb_column vc_column_container has-fill\"><div class=\"vc_column-inner us_custom_eb154912\"><div class=\"wpb_wrapper\"><div class=\"w-image us_custom_4af741be align_center\"><div class=\"w-image-h\"><img loading=\"lazy\" decoding=\"async\" width=\"600\" height=\"400\" src=\"https:\/\/www.franciscansusa.org\/wp-content\/uploads\/2021\/01\/ken-bartsch-001-600x400.jpg\" class=\"attachment-us_600_400_crop size-us_600_400_crop\" alt=\"\" srcset=\"https:\/\/www.franciscansusa.org\/wp-content\/uploads\/2021\/01\/ken-bartsch-001.jpg 600w, https:\/\/www.franciscansusa.org\/wp-content\/uploads\/2021\/01\/ken-bartsch-001-18x12.jpg 18w, https:\/\/www.franciscansusa.org\/wp-content\/uploads\/2021\/01\/ken-bartsch-001-150x100.jpg 150w, https:\/\/www.franciscansusa.org\/wp-content\/uploads\/2021\/01\/ken-bartsch-001-300x200.jpg 300w\" sizes=\"auto, (max-width: 600px) 100vw, 600px\" \/><\/div><\/div><div class=\"w-separator size_small\"><\/div><div class=\"wpb_text_column us_custom_c5f1dccd\" ><div class=\"wpb_wrapper\"><p>Ayudar a los pacientes del hospital a recibir su alimento espiritual como trabajadores de cuidados paliativos y capellanes.<\/p>\n<\/div><\/div><\/div><\/div><\/div><div class=\"vc_col-sm-3 wpb_column vc_column_container has-fill\"><div class=\"vc_column-inner us_custom_eb154912\"><div class=\"wpb_wrapper\"><div class=\"w-image us_custom_4af741be align_center\"><div class=\"w-image-h\"><img loading=\"lazy\" decoding=\"async\" width=\"600\" height=\"400\" src=\"https:\/\/www.franciscansusa.org\/wp-content\/uploads\/2021\/01\/93273205_3611445775597315_7492537733106106368_o-600x400.jpg\" class=\"attachment-us_600_400_crop size-us_600_400_crop\" alt=\"\" srcset=\"https:\/\/www.franciscansusa.org\/wp-content\/uploads\/2021\/01\/93273205_3611445775597315_7492537733106106368_o-600x400.jpg 600w, https:\/\/www.franciscansusa.org\/wp-content\/uploads\/2021\/01\/93273205_3611445775597315_7492537733106106368_o-18x12.jpg 18w, https:\/\/www.franciscansusa.org\/wp-content\/uploads\/2021\/01\/93273205_3611445775597315_7492537733106106368_o-150x100.jpg 150w, https:\/\/www.franciscansusa.org\/wp-content\/uploads\/2021\/01\/93273205_3611445775597315_7492537733106106368_o-300x200.jpg 300w, https:\/\/www.franciscansusa.org\/wp-content\/uploads\/2021\/01\/93273205_3611445775597315_7492537733106106368_o-1024x683.jpg 1024w, https:\/\/www.franciscansusa.org\/wp-content\/uploads\/2021\/01\/93273205_3611445775597315_7492537733106106368_o.jpg 1976w\" sizes=\"auto, (max-width: 600px) 100vw, 600px\" \/><\/div><\/div><div class=\"w-separator size_small\"><\/div><div class=\"wpb_text_column us_custom_c5f1dccd\" ><div class=\"wpb_wrapper\"><p>Servir como p\u00e1rrocos, educadores, en todo el pa\u00eds.<\/p>\n<\/div><\/div><\/div><\/div><\/div><div class=\"vc_col-sm-3 wpb_column vc_column_container has-fill\"><div class=\"vc_column-inner us_custom_eb154912\"><div class=\"wpb_wrapper\"><div class=\"w-image us_custom_4af741be align_center\"><div class=\"w-image-h\"><img loading=\"lazy\" decoding=\"async\" width=\"600\" height=\"400\" src=\"https:\/\/www.franciscansusa.org\/wp-content\/uploads\/2020\/06\/frc-2-600x400.jpg\" class=\"attachment-us_600_400_crop size-us_600_400_crop\" alt=\"\" srcset=\"https:\/\/www.franciscansusa.org\/wp-content\/uploads\/2020\/06\/frc-2-600x400.jpg 600w, https:\/\/www.franciscansusa.org\/wp-content\/uploads\/2020\/06\/frc-2-18x12.jpg 18w, https:\/\/www.franciscansusa.org\/wp-content\/uploads\/2020\/06\/frc-2-150x100.jpg 150w, https:\/\/www.franciscansusa.org\/wp-content\/uploads\/2020\/06\/frc-2-300x200.jpg 300w, https:\/\/www.franciscansusa.org\/wp-content\/uploads\/2020\/06\/frc-2.jpg 1000w\" sizes=\"auto, (max-width: 600px) 100vw, 600px\" \/><\/div><\/div><div class=\"w-separator size_small\"><\/div><div class=\"wpb_text_column us_custom_c5f1dccd\" ><div class=\"wpb_wrapper\"><p>Llevar a las personas hacia Cristo, tanto j\u00f3venes como mayores, a trav\u00e9s de nuestros ministerios de retiro.<\/p>\n<\/div><\/div><\/div><\/div><\/div><div class=\"vc_col-sm-12 wpb_column vc_column_container\"><div class=\"vc_column-inner\"><div class=\"wpb_wrapper\"><div class=\"w-separator size_small\"><\/div><div class=\"w-btn-wrapper width_auto align_center\"><a class=\"w-btn us-btn-style_1\" href=\"https:\/\/www.franciscansusa.org\/es\/become-a-monthly-supporter\/\"><span class=\"w-btn-label\">Convi\u00e9rtase en un seguidor mensual<\/span><\/a><\/div><\/div><\/div><\/div><\/div><\/div><\/section><section class=\"l-section wpb_row height_medium\"><div class=\"l-section-h i-cf\"><div class=\"g-cols vc_row type_default valign_top\"><div class=\"vc_col-sm-12 wpb_column vc_column_container\"><div class=\"vc_column-inner\"><div class=\"wpb_wrapper\"><div class=\"wpb_text_column\" ><div class=\"wpb_wrapper\"><div class=\"section-control parbase\">\n<div class=\"section-control-container column-container background-white bottom-padding-twenty medium jump-link-target gutter-twenty\" data-jump-link-analytics=\"jump link not set\" data-region-type=\"include\" data-subsource-type=\"include\">\n<div class=\"box-shadow-container\">\n<div class=\"container-fluid main-content\">\n<div class=\"row justify-content-center\">\n<div class=\"col-md-10 offset-md-1\">\n<div class=\"row\">\n<div class=\"par-100 col-12 section-par one-col-100 par-1\">\n<div class=\"section_header image parbase\">\n<div class=\"section-header-container\">\n<div class=\"section-header-description\">\n<h2 class=\"section-header-title center\" style=\"text-align: center;\" data-aa-temporary-homepage-section-title=\"temp home page section title not set\">C\u00f3mo su donaci\u00f3n mensual ayuda a las comunidades de apoyo<\/h2>\n<\/div>\n<\/div>\n<\/div>\n<div class=\"text parbase\">\n<div class=\"rich-text-editor-content\">\n<p>Su donaci\u00f3n mensual asegura que nuestros frailes puedan continuar trabajando en las comunidades a las que han contribuido y de las que han sido parte durante muchos a\u00f1os. Nuestros frailes responden a todo tipo de problemas, grandes y peque\u00f1os, ofreciendo apoyo de varias maneras mientras viven el ejemplo que dio San Francisco hace 800 a\u00f1os.<\/p>\n<p>Como patrocinador mensual, su donaci\u00f3n mensual nos permite hacer nuestro trabajo fundamental. Trabajando juntos, podemos continuar brindando ayuda y esperanza a quienes m\u00e1s lo necesitan.<\/p>\n<\/div>\n<\/div>\n<\/div>\n<\/div>\n<\/div>\n<\/div>\n<\/div>\n<\/div>\n<\/div>\n<\/div>\n<\/div><\/div><\/div><\/div><\/div><\/div><\/div><\/section><section class=\"l-section wpb_row height_medium\"><div class=\"l-section-h i-cf\"><div class=\"g-cols vc_row type_default valign_top\"><div class=\"vc_col-sm-12 wpb_column vc_column_container has-fill\"><div class=\"vc_column-inner us_custom_eb154912\"><div class=\"wpb_wrapper\"><div class=\"w-iconbox iconpos_left style_outlined color_primary align_center\"><div class=\"w-iconbox-icon\"><i class=\"fas fa-phone\"><\/i><\/div><div class=\"w-iconbox-meta\"><h4 class=\"w-iconbox-title\">Donar por tel\u00e9fono<\/h4><div class=\"w-iconbox-text\"><p style=\"text-align: center;\">Para donar por tel\u00e9fono con tarjeta de cr\u00e9dito o para hacer preguntas sobre la donaci\u00f3n de dinero a los Frailes Franciscanos Conventuales, ll\u00e1menos al:<\/p>\n<h4 style=\"text-align: center;\">1-812-923-5250<\/h4>\n<\/div><\/div><\/div><\/div><\/div><\/div><\/div><\/div><\/section>\n<\/div>","protected":false},"excerpt":{"rendered":"Por qu\u00e9 hacer una donaci\u00f3n mensual es una excelente opci\u00f3n: la forma m\u00e1s eficaz de marcar la diferencia. El apoyo continuo de los donantes mensuales ayuda a garantizar que los frailes tengan recursos para ayudar a los marginados. Menos estr\u00e9s en diciembre Al configurar su donaci\u00f3n mensual hoy, podr\u00e1 relajarse en diciembre sabiendo...","protected":false},"author":1,"featured_media":0,"parent":0,"menu_order":0,"comment_status":"closed","ping_status":"closed","template":"","meta":{"om_disable_all_campaigns":false,"_monsterinsights_skip_tracking":false,"_monsterinsights_sitenote_active":false,"_monsterinsights_sitenote_note":"","_monsterinsights_sitenote_category":0,"_uf_show_specific_survey":0,"_uf_disable_surveys":false,"footnotes":""},"class_list":["post-9256","page","type-page","status-publish","hentry"],"aioseo_notices":[],"publishpress_future_action":{"enabled":false,"date":"2026-04-25 05:56:56","action":"change-status","newStatus":"draft","terms":[],"taxonomy":"","extraData":[]},"publishpress_future_workflow_manual_trigger":{"enabledWorkflows":[]},"_links":{"self":[{"href":"https:\/\/www.franciscansusa.org\/es\/wp-json\/wp\/v2\/pages\/9256","targetHints":{"allow":["GET"]}}],"collection":[{"href":"https:\/\/www.franciscansusa.org\/es\/wp-json\/wp\/v2\/pages"}],"about":[{"href":"https:\/\/www.franciscansusa.org\/es\/wp-json\/wp\/v2\/types\/page"}],"author":[{"embeddable":true,"href":"https:\/\/www.franciscansusa.org\/es\/wp-json\/wp\/v2\/users\/1"}],"replies":[{"embeddable":true,"href":"https:\/\/www.franciscansusa.org\/es\/wp-json\/wp\/v2\/comments?post=9256"}],"version-history":[{"count":34,"href":"https:\/\/www.franciscansusa.org\/es\/wp-json\/wp\/v2\/pages\/9256\/revisions"}],"predecessor-version":[{"id":12706,"href":"https:\/\/www.franciscansusa.org\/es\/wp-json\/wp\/v2\/pages\/9256\/revisions\/12706"}],"wp:attachment":[{"href":"https:\/\/www.franciscansusa.org\/es\/wp-json\/wp\/v2\/media?parent=9256"}],"curies":[{"name":"gracias","href":"https:\/\/api.w.org\/{rel}","templated":true}]}}